{"id":36,"date":"2022-01-19T14:48:36","date_gmt":"2022-01-19T13:48:36","guid":{"rendered":"http:\/\/onestoppack.dvanaweb.cz\/cz\/?page_id=36"},"modified":"2022-10-03T13:58:55","modified_gmt":"2022-10-03T11:58:55","slug":"homepage","status":"publish","type":"page","link":"https:\/\/www.onestop-pack.com\/cz\/","title":{"rendered":"Homepage"},"content":{"rendered":"\n<div class=\"wp-block-columns alignwide are-vertically-aligned-top introduction is-layout-flex wp-container-2\">\n<div class=\"wp-block-column is-vertically-aligned-top is-layout-flow\" style=\"flex-basis:100%\">\n<h2 class=\"has-text-align-center wp-block-heading\" id=\"products-for-printing-solution\">PRODUKTY PRO \u0158E\u0160EN\u00cd V OBLASTI BALEN\u00cd<\/h2>\n\n\n\n<p class=\"has-text-align-center\">Spole\u010dnost One Stop Pack s.r.o. nab\u00edz\u00ed nejnov\u011bj\u0161\u00ed a technologicky nejvysp\u011blej\u0161\u00ed \u0159e\u0161en\u00ed pro \u0161irokou \u0161k\u00e1lu aplikac\u00ed.<\/p>\n<\/div>\n<\/div>\n\n\n\n<div class=\"wp-block-columns alignwide tiles has-white-background-color has-background has-white-background-color is-layout-flex wp-container-6\">\n<div class=\"wp-block-column is-layout-flow\">\n<figure class=\"wp-block-image alignfull size-large is-style-default\"><img decoding=\"async\" loading=\"lazy\" width=\"906\" height=\"1024\" src=\"https:\/\/www.onestop-pack.com\/cz\/wp-content\/uploads\/sites\/3\/2022\/02\/flexographic-1-906x1024.jpg\" alt=\"\" class=\"wp-image-370\" srcset=\"https:\/\/www.onestop-pack.com\/cz\/wp-content\/uploads\/sites\/3\/2022\/02\/flexographic-1-906x1024.jpg 906w, https:\/\/www.onestop-pack.com\/cz\/wp-content\/uploads\/sites\/3\/2022\/02\/flexographic-1-265x300.jpg 265w, https:\/\/www.onestop-pack.com\/cz\/wp-content\/uploads\/sites\/3\/2022\/02\/flexographic-1-768x868.jpg 768w, https:\/\/www.onestop-pack.com\/cz\/wp-content\/uploads\/sites\/3\/2022\/02\/flexographic-1.jpg 1000w\" sizes=\"(max-width: 906px) 100vw, 906px\" \/><\/figure>\n<\/div>\n\n\n\n<div class=\"wp-block-column tile-content is-layout-flow\">\n<h2 class=\"has-subheading wp-block-heading\" id=\"for-printing\">Pro tisk<\/h2>\n\n\n\n<p class=\"has-larger-font-size\">Flexotiskov\u00e9 stroje roll-to-roll (z role na roli) a pro linkovou v\u00fdrobu, viskozitn\u00ed syst\u00e9my, komory s raklov\u00fdmi (st\u011brac\u00edmi) no\u017ei, destila\u010dn\u00ed za\u0159\u00edzen\u00ed, regenera\u010dn\u00ed tepeln\u00e9 oxid\u00e1tory (RTO) a ve\u0161ker\u00e9 pot\u0159ebn\u00e9 p\u0159\u00edslu\u0161enstv\u00ed.<\/p>\n\n\n\n<ul><li><a href=\"\/cz\/for-flexo-printing\/printing-presses\/\" class=\"ek-link\">Tiska\u0159sk\u00e9 lisy<\/a><\/li><li><a href=\"\/cz\/for-flexo-printing\/accessories\/\" class=\"ek-link\">P\u0159\u00edslu\u0161enstv\u00ed<\/a><\/li><li><a href=\"\/cz\/for-flexo-printing\/sleeves-automatic-storage\/\" class=\"ek-link\">Automatick\u00e9 ukl\u00e1d\u00e1n\u00ed obep\u00ednac\u00edch v\u00e1lc\u016f (\u201esleeves\u201c)<\/a><\/li><li><a href=\"\/cz\/for-flexo-printing\/distillers-and-washing-systems\/\">Destila\u010dn\u00ed a myc\u00ed syst\u00e9my<\/a><\/li><li><a href=\"\/cz\/for-flexo-printing\/rto-regenerative-thermal-oxidizer\/\" class=\"ek-link\">RTO Regenera\u010dn\u00ed tepeln\u00fd oxid\u00e1tor<\/a><\/li><\/ul>\n\n\n\n<div class=\"wp-block-buttons is-layout-flex\">\n<div class=\"wp-block-button\"><a class=\"wp-block-button__link\" href=\"\/cz\/for-flexo-printing\/\">To m\u011b zaj\u00edm\u00e1<\/a><\/div>\n<\/div>\n<\/div>\n<\/div>\n\n\n\n<div class=\"wp-block-columns alignwide tiles has-white-background-color has-background has-white-background-color is-layout-flex wp-container-10\">\n<div class=\"wp-block-column tile-content is-layout-flow\">\n<h2 class=\"has-subheading wp-block-heading\" id=\"for-converting\">Pro prvotn\u00ed zpracov\u00e1n\u00ed<\/h2>\n\n\n\n<p class=\"has-larger-font-size\">\u0158ezac\u00ed a p\u0159ev\u00edjec\u00ed stroje na r\u016fzn\u00e9 materi\u00e1ly (nap\u0159. pap\u00edr, plastov\u00e9 f\u00f3lie, stretch f\u00f3lie, lepic\u00ed p\u00e1sky), stroje na v\u00fdrobu s\u00e1\u010dk\u016f, perfora\u010dn\u00ed syst\u00e9my a ve\u0161ker\u00e9 pot\u0159ebn\u00e9 p\u0159\u00edslu\u0161enstv\u00ed.<\/p>\n\n\n\n<ul><li><a href=\"\/cz\/for-converting\/slitter-rewinders-and-special-packaging-machines\/\" class=\"ek-link\">\u0158ezac\u00ed p\u0159ev\u00edje\u010dky a speci\u00e1ln\u00ed balic\u00ed stroje<\/a><\/li><li><a href=\"\/cz\/for-converting\/bag-making-machines\/\" class=\"ek-link\">Stroje na v\u00fdrobu s\u00e1\u010dk\u016f<\/a><\/li><li><a href=\"\/cz\/for-converting\/machines-operationg-in-line-with-extruder\/\" class=\"ek-link\">Stroje pracuj\u00edc\u00ed na lince s extrud\u00e9rem<\/a><\/li><li><a href=\"\/cz\/for-converting\/rewinding-machines-for-stretch-film\/\" class=\"ek-link\">Stroje pro p\u0159ev\u00edjen\u00ed stretch f\u00f3li\u00ed<\/a><\/li><li><a href=\"\/cz\/for-converting\/converting-of-adhesive-tapes\/\" class=\"ek-link\">Zpracov\u00e1n\u00ed lepic\u00edch p\u00e1sek<\/a><\/li><li><a href=\"\/cz\/for-converting\/perforation-systems\/\" class=\"ek-link\">Perfora\u010dn\u00ed syst\u00e9my<\/a><\/li><li><a href=\"\/cz\/for-converting\/accessories\/\" class=\"ek-link\">P\u0159\u00edslu\u0161enstv\u00ed<\/a><\/li><\/ul>\n\n\n\n<div class=\"wp-block-buttons is-layout-flex\">\n<div class=\"wp-block-button\"><a class=\"wp-block-button__link\" href=\"\/cz\/for-converting\/\">To m\u011b zaj\u00edm\u00e1<\/a><\/div>\n<\/div>\n<\/div>\n\n\n\n<div class=\"wp-block-column is-layout-flow\">\n<figure class=\"wp-block-image alignfull size-full\"><img decoding=\"async\" loading=\"lazy\" width=\"1000\" height=\"905\" src=\"https:\/\/www.onestop-pack.com\/cz\/wp-content\/uploads\/sites\/3\/2022\/02\/folding.jpg\" alt=\"\" class=\"wp-image-376\" srcset=\"https:\/\/www.onestop-pack.com\/cz\/wp-content\/uploads\/sites\/3\/2022\/02\/folding.jpg 1000w, https:\/\/www.onestop-pack.com\/cz\/wp-content\/uploads\/sites\/3\/2022\/02\/folding-300x272.jpg 300w, https:\/\/www.onestop-pack.com\/cz\/wp-content\/uploads\/sites\/3\/2022\/02\/folding-768x695.jpg 768w\" sizes=\"(max-width: 1000px) 100vw, 1000px\" \/><\/figure>\n<\/div>\n<\/div>\n\n\n\n<div class=\"wp-block-columns alignwide tiles has-white-background-color has-background has-white-background-color is-layout-flex wp-container-14\">\n<div class=\"wp-block-column is-layout-flow\">\n<figure class=\"wp-block-image alignfull size-full\"><img decoding=\"async\" loading=\"lazy\" width=\"633\" height=\"857\" src=\"https:\/\/www.onestop-pack.com\/cz\/wp-content\/uploads\/sites\/3\/2022\/03\/Airprotech_RTO_11-1024x576-1.jpg\" alt=\"\" class=\"wp-image-963\" srcset=\"https:\/\/www.onestop-pack.com\/cz\/wp-content\/uploads\/sites\/3\/2022\/03\/Airprotech_RTO_11-1024x576-1.jpg 633w, https:\/\/www.onestop-pack.com\/cz\/wp-content\/uploads\/sites\/3\/2022\/03\/Airprotech_RTO_11-1024x576-1-222x300.jpg 222w\" sizes=\"(max-width: 633px) 100vw, 633px\" \/><\/figure>\n<\/div>\n\n\n\n<div class=\"wp-block-column tile-content is-layout-flow\">\n<h2 class=\"has-subheading wp-block-heading\" id=\"for-industrial-emissions-control\">Pro \u0159\u00edzen\u00ed pr\u016fmyslov\u00fdch emis\u00ed<\/h2>\n\n\n\n<p class=\"has-larger-font-size\">\u0160irok\u00e1 \u0161k\u00e1la \u0159e\u0161en\u00ed a produkt\u016f pro \u0159\u00edzen\u00ed pr\u016fmyslov\u00fdch emis\u00ed v\u010detn\u011b t\u011bkav\u00fdch organick\u00fdch slou\u010denin (VOC \u2013 Volatile Organic Compounds), t\u011bkav\u00fdch anorganick\u00fdch slou\u010denin (VIC \u2013 Volatile Inorganic Compounds), aerosol\u016f, mlhy, rozpou\u0161t\u011bdel, pach\u016f, uhlovod\u00edk\u016f a \u010d\u00e1stic.<\/p>\n\n\n\n<div class=\"wp-block-buttons is-layout-flex\">\n<div class=\"wp-block-button\"><a class=\"wp-block-button__link\" href=\"https:\/\/www.onestop-pack.com\/cz\/for-emission\/\">To m\u011b zaj\u00edm\u00e1<\/a><\/div>\n<\/div>\n<\/div>\n<\/div>\n\n\n\n<div class=\"wp-block-group alignwide promo has-gray-dark-background-color has-background editorskit-no-desktop editorskit-no-tablet editorskit-no-mobile is-layout-flow\"><div class=\"wp-block-group__inner-container\">\n<div class=\"wp-block-columns alignwide is-layout-flex wp-container-17\">\n<div class=\"wp-block-column is-layout-flow\" style=\"flex-basis:50%\">\n<h2 class=\"alignfull has-white-color has-text-color wp-block-heading\" id=\"this-is-promobanner\">This is promobanner<\/h2>\n\n\n\n<p class=\"has-white-color has-text-color\">This is a promo banner. Here you can write something very interesting that you want to draw the attention of visitors to this site. And at the same time get them to click.<\/p>\n\n\n\n<div class=\"wp-block-buttons is-layout-flex\">\n<div class=\"wp-block-button\"><a class=\"wp-block-button__link\">click me, please<\/a><\/div>\n<\/div>\n<\/div>\n<\/div>\n<\/div><\/div>\n\n\n\n<hr class=\"wp-block-separator\"\/>\n\n\n\n<div class=\"wp-block-columns alignwide is-layout-flex wp-container-21\">\n<div class=\"wp-block-column is-layout-flow\">\n<h2 class=\"mt-0 wp-block-heading\" id=\"stay-in-touch\">Z\u016fsta\u0148te v kontaktu<\/h2>\n\n\n\n<p>P\u0159ihlaste se k odb\u011bru na\u0161eho newsletteru a dost\u00e1vejte nejnov\u011bj\u0161\u00ed zpr\u00e1vy ze sv\u011bta pap\u00edru.<\/p>\n<\/div>\n\n\n\n<div class=\"wp-block-column is-layout-flow\"><div class=\"frm_forms \" id=\"frm_form_3_container\" data-token=\"cfcabe152fd36ec0a5de6299daed3689\">\n<form enctype=\"multipart\/form-data\" method=\"post\" class=\"frm-show-form \" id=\"form_newsletter\"  data-token=\"cfcabe152fd36ec0a5de6299daed3689\">\n<div class=\"frm_form_fields \">\n<fieldset>\n<legend class=\"frm_screen_reader\">Newsletter<\/legend>\r\n\r\n<div class=\"frm_fields_container\">\n<input type=\"hidden\" name=\"frm_action\" value=\"create\" \/>\n<input type=\"hidden\" name=\"form_id\" value=\"3\" \/>\n<input type=\"hidden\" name=\"frm_hide_fields_3\" id=\"frm_hide_fields_3\" value=\"\" \/>\n<input type=\"hidden\" name=\"form_key\" value=\"newsletter\" \/>\n<input type=\"hidden\" name=\"item_meta[0]\" value=\"\" \/>\n<input type=\"hidden\" id=\"frm_submit_entry_3\" name=\"frm_submit_entry_3\" value=\"9ac0f89950\" \/><input type=\"hidden\" name=\"_wp_http_referer\" value=\"\/cz\/wp-json\/wp\/v2\/pages\/36\" \/><div id=\"frm_field_13_container\" class=\"frm_form_field form-field  frm_required_field frm_top_container\">\r\n    <label for=\"field_p8eze\" id=\"field_p8eze_label\" class=\"frm_primary_label\">E-mail\r\n        <span class=\"frm_required\" aria-hidden=\"true\">*<\/span>\r\n    <\/label>\r\n    <input type=\"email\" id=\"field_p8eze\" name=\"item_meta[13]\" value=\"\"  data-reqmsg=\"Toto pole nesm\u00ed b\u00fdt pr\u00e1zdn\u00e9.\" aria-required=\"true\" data-invmsg=\"Email is invalid\" aria-invalid=\"false\"  \/>\r\n    \r\n    \r\n<\/div>\n<div id=\"frm_field_21_container\" class=\"frm_form_field form-field  frm_none_container\">\n    <label for=\"g-recaptcha-response\" id=\"field_2wxht_label\" class=\"frm_primary_label\">Captcha\n        <span class=\"frm_required\" aria-hidden=\"true\"><\/span>\n    <\/label>\n    <div id=\"field_2wxht\" class=\"frm-g-recaptcha\" data-sitekey=\"6LfwuMUqAAAAANinh9X1kX96HOaQ5lFADJtxhBCX\" data-size=\"invisible\" data-theme=\"light\"><\/div>\n    \n    \n<\/div>\n\t<input type=\"hidden\" name=\"item_key\" value=\"\" \/>\n\t\t\t\t<div class=\"frm_verify\" aria-hidden=\"true\">\n\t\t\t\t<label for=\"frm_email_3\">\n\t\t\t\t\tIf you are human, leave this field blank.\t\t\t\t<\/label>\n\t\t\t\t<input type=\"text\" class=\"frm_verify\" id=\"frm_email_3\" name=\"frm_verify\" value=\"\"  \/>\n\t\t\t<\/div>\n\t\t<div class=\"frm_submit\">\r\n\r\n<button class=\"frm_button_submit\" type=\"submit\"  >P\u0159idat do Newsletteru<\/button>\r\n\r\n<\/div><\/div>\n<\/fieldset>\n<\/div>\n<\/form>\n<\/div>\n\n<\/div>\n<\/div>\n\n\n\n<hr class=\"wp-block-separator\"\/>\n\n\n\n<p><\/p>\n","protected":false},"excerpt":{"rendered":"<p>PRODUKTY PRO \u0158E\u0160EN\u00cd V OBLASTI BALEN\u00cd Spole\u010dnost One Stop Pack s.r.o. nab\u00edz\u00ed nejnov\u011bj\u0161\u00ed a technologicky nejvysp\u011blej\u0161\u00ed \u0159e\u0161en\u00ed pro \u0161irokou \u0161k\u00e1lu aplikac\u00ed. Pro tisk Flexotiskov\u00e9 stroje roll-to-roll (z role na roli) a pro linkovou v\u00fdrobu, viskozitn\u00ed syst\u00e9my, komory s raklov\u00fdmi (st\u011brac\u00edmi) no\u017ei, destila\u010dn\u00ed za\u0159\u00edzen\u00ed, regenera\u010dn\u00ed tepeln\u00e9 oxid\u00e1tory (RTO) a ve\u0161ker\u00e9 pot\u0159ebn\u00e9 p\u0159\u00edslu\u0161enstv\u00ed. Tiska\u0159sk\u00e9 lisy P\u0159\u00edslu\u0161enstv\u00ed Automatick\u00e9 [&hellip;]<\/p>\n","protected":false},"author":1,"featured_media":0,"parent":0,"menu_order":0,"comment_status":"closed","ping_status":"closed","template":"","meta":{"advgb_blocks_editor_width":"","advgb_blocks_columns_visual_guide":"","_editorskit_title_hidden":false,"_editorskit_reading_time":1,"_editorskit_is_block_options_detached":false,"_editorskit_block_options_position":"{}"},"coauthors":[],"author_meta":{"author_link":"https:\/\/www.onestop-pack.com\/cz\/blog\/author\/katalpa\/","display_name":"katalpa"},"relative_dates":{"created":"Posted 4 years ago","modified":"Updated 4 years ago"},"absolute_dates":{"created":"Posted on 19. 1. 2022","modified":"Updated on 3. 10. 2022"},"absolute_dates_time":{"created":"Posted on 19. 1. 2022 14:48","modified":"Updated on 3. 10. 2022 13:58"},"featured_img_caption":"","featured_img":false,"series_order":"","_links":{"self":[{"href":"https:\/\/www.onestop-pack.com\/cz\/wp-json\/wp\/v2\/pages\/36"}],"collection":[{"href":"https:\/\/www.onestop-pack.com\/cz\/wp-json\/wp\/v2\/pages"}],"about":[{"href":"https:\/\/www.onestop-pack.com\/cz\/wp-json\/wp\/v2\/types\/page"}],"author":[{"embeddable":true,"href":"https:\/\/www.onestop-pack.com\/cz\/wp-json\/wp\/v2\/users\/1"}],"replies":[{"embeddable":true,"href":"https:\/\/www.onestop-pack.com\/cz\/wp-json\/wp\/v2\/comments?post=36"}],"version-history":[{"count":75,"href":"https:\/\/www.onestop-pack.com\/cz\/wp-json\/wp\/v2\/pages\/36\/revisions"}],"predecessor-version":[{"id":1338,"href":"https:\/\/www.onestop-pack.com\/cz\/wp-json\/wp\/v2\/pages\/36\/revisions\/1338"}],"wp:attachment":[{"href":"https:\/\/www.onestop-pack.com\/cz\/wp-json\/wp\/v2\/media?parent=36"}],"curies":[{"name":"wp","href":"https:\/\/api.w.org\/{rel}","templated":true}]}}