{"id":204,"date":"2022-02-21T12:58:14","date_gmt":"2022-02-21T11:58:14","guid":{"rendered":"http:\/\/onestoppack.dvanaweb.cz\/cz\/?page_id=204"},"modified":"2022-10-03T14:07:06","modified_gmt":"2022-10-03T12:07:06","slug":"for-emission","status":"publish","type":"page","link":"https:\/\/www.onestop-pack.com\/cz\/for-emission\/","title":{"rendered":"Sni\u017eov\u00e1n\u00ed emis\u00ed"},"content":{"rendered":"\n<div class=\"wp-block-columns alignwide introduction is-layout-flex wp-container-3\">\n<div class=\"wp-block-column is-layout-flow\" style=\"flex-basis:50%\">\n<figure class=\"wp-block-image alignfull size-large\"><a href=\"https:\/\/www.onestop-pack.com\/cz\/wp-content\/uploads\/sites\/3\/2022\/02\/infografica_eng.png\"><img decoding=\"async\" loading=\"lazy\" width=\"1024\" height=\"555\" src=\"https:\/\/www.onestop-pack.com\/cz\/wp-content\/uploads\/sites\/3\/2022\/02\/infografica_eng-1024x555.png\" alt=\"\" class=\"wp-image-612\" srcset=\"https:\/\/www.onestop-pack.com\/cz\/wp-content\/uploads\/sites\/3\/2022\/02\/infografica_eng-1024x555.png 1024w, https:\/\/www.onestop-pack.com\/cz\/wp-content\/uploads\/sites\/3\/2022\/02\/infografica_eng-300x163.png 300w, https:\/\/www.onestop-pack.com\/cz\/wp-content\/uploads\/sites\/3\/2022\/02\/infografica_eng-768x416.png 768w, https:\/\/www.onestop-pack.com\/cz\/wp-content\/uploads\/sites\/3\/2022\/02\/infografica_eng.png 1200w\" sizes=\"(max-width: 1024px) 100vw, 1024px\" \/><\/a><\/figure>\n<\/div>\n\n\n\n<div class=\"wp-block-column is-layout-flow\" style=\"flex-basis:50%\">\n<p class=\"has-text-align-left\">Spole\u010dnost AIRPROTECH p\u016fsob\u00ed po cel\u00e9m sv\u011bt\u011b a nab\u00edz\u00ed \u0161irokou \u0161k\u00e1lu \u0159e\u0161en\u00ed a produkt\u016f pro kontrolu pr\u016fmyslov\u00fdch emis\u00ed, v\u010detn\u011b t\u011bkav\u00fdch organick\u00fdch slou\u010denin (VOC), t\u011bkav\u00fdch anorganick\u00fdch slou\u010denin (VIC), aerosol\u016f, mlhy, rozpou\u0161t\u011bdel, pach\u016f, uhlovod\u00edk\u016f a pevn\u00fdch \u010d\u00e1stic.<\/p>\n\n\n\n<p class=\"has-text-align-left\">Dok\u00e1\u017eeme navrhnout specifick\u00e9 syst\u00e9my pro r\u016fzn\u00e9 aplikace, jako je chemick\u00fd pr\u016fmysl, ropn\u00fd a plyn\u00e1rensk\u00fd pr\u016fmysl, bioplyn a bioenergetika, mal\u00ed\u0159sk\u00e9 a nat\u011bra\u010dsk\u00e9 pr\u00e1ce, impregnace, zem\u011bd\u011blsk\u00fd a potravin\u00e1\u0159sk\u00fd pr\u016fmysl, kovy, elektronika, farmaceutick\u00fd pr\u016fmysl, \u017eivotn\u00ed prost\u0159ed\u00ed a recyklace, tisk.<\/p>\n<\/div>\n<\/div>\n\n\n\n<h3 class=\"mt-0 wp-block-heading\" id=\"request-this-product\">Vy\u017e\u00e1dejte si v\u00edce informac\u00ed:<\/h3>\n\n\n<div class=\"frm_forms \" id=\"frm_form_2_container\" data-token=\"a76d3e1d981f6a9066737bda93d9b673\">\n<form enctype=\"multipart\/form-data\" method=\"post\" class=\"frm-show-form \" id=\"form_requestproduct\"  data-token=\"a76d3e1d981f6a9066737bda93d9b673\">\n<div class=\"frm_form_fields \">\n<fieldset>\n<legend class=\"frm_screen_reader\">V\u00edce informac\u00ed o produktu<\/legend>\r\n\r\n<div class=\"frm_fields_container\">\n<input type=\"hidden\" name=\"frm_action\" value=\"create\" \/>\n<input type=\"hidden\" name=\"form_id\" value=\"2\" \/>\n<input type=\"hidden\" name=\"frm_hide_fields_2\" id=\"frm_hide_fields_2\" value=\"\" \/>\n<input type=\"hidden\" name=\"form_key\" value=\"requestproduct\" \/>\n<input type=\"hidden\" name=\"item_meta[0]\" value=\"\" \/>\n<input type=\"hidden\" id=\"frm_submit_entry_2\" name=\"frm_submit_entry_2\" value=\"cdcacc428f\" \/><input type=\"hidden\" name=\"_wp_http_referer\" value=\"\/cz\/wp-json\/wp\/v2\/pages\/204\" \/><div id=\"frm_field_14_container\" class=\"frm_form_field form-field  frm_required_field frm_top_container\">\r\n    <label for=\"field_20a7t\" id=\"field_20a7t_label\" class=\"frm_primary_label\">Jm\u00e9no\r\n        <span class=\"frm_required\" aria-hidden=\"true\">*<\/span>\r\n    <\/label>\r\n    <input type=\"text\" id=\"field_20a7t\" name=\"item_meta[14]\" value=\"\"  data-reqmsg=\"Toto pole nesm\u00ed b\u00fdt pr\u00e1zdn\u00e9.\" aria-required=\"true\" data-invmsg=\"Text is invalid\" aria-invalid=\"false\"  \/>\r\n    \r\n    \r\n<\/div>\n<div id=\"frm_field_15_container\" class=\"frm_form_field form-field  frm_required_field frm_top_container\">\r\n    <label for=\"field_t5jcr\" id=\"field_t5jcr_label\" class=\"frm_primary_label\">E-mail\r\n        <span class=\"frm_required\" aria-hidden=\"true\">*<\/span>\r\n    <\/label>\r\n    <input type=\"email\" id=\"field_t5jcr\" name=\"item_meta[15]\" value=\"\"  data-reqmsg=\"Toto pole nesm\u00ed b\u00fdt pr\u00e1zdn\u00e9.\" aria-required=\"true\" data-invmsg=\"Email is invalid\" aria-invalid=\"false\"  \/>\r\n    \r\n    \r\n<\/div>\n<input type=\"hidden\" id=\"field_naikx\" name=\"item_meta[18]\" value=\"https:\/\/www.onestop-pack.com\/cz\/wp-json\/wp\/v2\/pages\/204\"  data-frmval=\"https:\/\/www.onestop-pack.com\/cz\/wp-json\/wp\/v2\/pages\/204\" data-invmsg=\"Hidden is invalid\"  \/><div id=\"frm_field_22_container\" class=\"frm_form_field form-field  frm_none_container\">\n    <label for=\"g-recaptcha-response\" id=\"field_nw90j_label\" class=\"frm_primary_label\">Captcha\n        <span class=\"frm_required\" aria-hidden=\"true\"><\/span>\n    <\/label>\n    <div id=\"field_nw90j\" class=\"frm-g-recaptcha\" data-sitekey=\"6LfwuMUqAAAAANinh9X1kX96HOaQ5lFADJtxhBCX\" data-size=\"invisible\" data-theme=\"light\"><\/div>\n    \n    \n<\/div>\n\t<input type=\"hidden\" name=\"item_key\" value=\"\" \/>\n\t\t\t\t<div class=\"frm_verify\" aria-hidden=\"true\">\n\t\t\t\t<label for=\"frm_email_2\">\n\t\t\t\t\tIf you are human, leave this field blank.\t\t\t\t<\/label>\n\t\t\t\t<input type=\"text\" class=\"frm_verify\" id=\"frm_email_2\" name=\"frm_verify\" value=\"\"  \/>\n\t\t\t<\/div>\n\t\t<div class=\"frm_submit\">\r\n\r\n<button class=\"frm_button_submit\" type=\"submit\"  >Odeslat<\/button>\r\n\r\n<\/div><\/div>\n<\/fieldset>\n<\/div>\n<\/form>\n<\/div>\n\n","protected":false},"excerpt":{"rendered":"<p>Spole\u010dnost AIRPROTECH p\u016fsob\u00ed po cel\u00e9m sv\u011bt\u011b a nab\u00edz\u00ed \u0161irokou \u0161k\u00e1lu \u0159e\u0161en\u00ed a produkt\u016f pro kontrolu pr\u016fmyslov\u00fdch emis\u00ed, v\u010detn\u011b t\u011bkav\u00fdch organick\u00fdch slou\u010denin (VOC), t\u011bkav\u00fdch anorganick\u00fdch slou\u010denin (VIC), aerosol\u016f, mlhy, rozpou\u0161t\u011bdel, pach\u016f, uhlovod\u00edk\u016f a pevn\u00fdch \u010d\u00e1stic. Dok\u00e1\u017eeme navrhnout specifick\u00e9 syst\u00e9my pro r\u016fzn\u00e9 aplikace, jako je chemick\u00fd pr\u016fmysl, ropn\u00fd a plyn\u00e1rensk\u00fd pr\u016fmysl, bioplyn a bioenergetika, mal\u00ed\u0159sk\u00e9 a nat\u011bra\u010dsk\u00e9 [&hellip;]<\/p>\n","protected":false},"author":2,"featured_media":0,"parent":0,"menu_order":0,"comment_status":"closed","ping_status":"closed","template":"","meta":{"advgb_blocks_editor_width":"","advgb_blocks_columns_visual_guide":"","_editorskit_title_hidden":false,"_editorskit_reading_time":1,"_editorskit_is_block_options_detached":false,"_editorskit_block_options_position":"{}"},"coauthors":[],"author_meta":{"author_link":"https:\/\/www.onestop-pack.com\/cz\/blog\/author\/lucka\/","display_name":"Lucka"},"relative_dates":{"created":"Posted 4 years ago","modified":"Updated 4 years ago"},"absolute_dates":{"created":"Posted on 21. 2. 2022","modified":"Updated on 3. 10. 2022"},"absolute_dates_time":{"created":"Posted on 21. 2. 2022 12:58","modified":"Updated on 3. 10. 2022 14:07"},"featured_img_caption":"","featured_img":false,"series_order":"","_links":{"self":[{"href":"https:\/\/www.onestop-pack.com\/cz\/wp-json\/wp\/v2\/pages\/204"}],"collection":[{"href":"https:\/\/www.onestop-pack.com\/cz\/wp-json\/wp\/v2\/pages"}],"about":[{"href":"https:\/\/www.onestop-pack.com\/cz\/wp-json\/wp\/v2\/types\/page"}],"author":[{"embeddable":true,"href":"https:\/\/www.onestop-pack.com\/cz\/wp-json\/wp\/v2\/users\/2"}],"replies":[{"embeddable":true,"href":"https:\/\/www.onestop-pack.com\/cz\/wp-json\/wp\/v2\/comments?post=204"}],"version-history":[{"count":8,"href":"https:\/\/www.onestop-pack.com\/cz\/wp-json\/wp\/v2\/pages\/204\/revisions"}],"predecessor-version":[{"id":1326,"href":"https:\/\/www.onestop-pack.com\/cz\/wp-json\/wp\/v2\/pages\/204\/revisions\/1326"}],"wp:attachment":[{"href":"https:\/\/www.onestop-pack.com\/cz\/wp-json\/wp\/v2\/media?parent=204"}],"curies":[{"name":"wp","href":"https:\/\/api.w.org\/{rel}","templated":true}]}}