{"id":198,"date":"2022-02-21T12:47:54","date_gmt":"2022-02-21T11:47:54","guid":{"rendered":"http:\/\/onestoppack.dvanaweb.cz\/cz\/?page_id=198"},"modified":"2022-10-03T14:09:50","modified_gmt":"2022-10-03T12:09:50","slug":"slitter-rewinders-and-special-packaging-machines","status":"publish","type":"page","link":"https:\/\/www.onestop-pack.com\/cz\/for-converting\/slitter-rewinders-and-special-packaging-machines\/","title":{"rendered":"\u0158eza\u010dky, p\u0159ev\u00edje\u010dky a speci\u00e1ln\u00ed bal\u00edc\u00ed stroje"},"content":{"rendered":"\n<div class=\"wp-block-columns alignwide introduction is-layout-flex wp-container-2\">\n<div class=\"wp-block-column is-layout-flow\" style=\"flex-basis:100%\">\n<p class=\"has-text-align-center\">Spole\u010dnost TEMAC se st\u00e1le sna\u017e\u00ed o inovaci sv\u00fdch v\u00fdrobk\u016f: pod\u00edvejte se na z\u00e1lo\u017eky p\u0159edstavuj\u00edc\u00ed na\u0161e nejnov\u011bj\u0161\u00ed \u0159eza\u010dky a objevte v\u0161echny detaily, kter\u00fdmi se odli\u0161uj\u00ed od stroj\u016f konkuren\u010dn\u00edch v\u00fdrobc\u016f na trhu.<\/p>\n\n\n\n<p class=\"has-text-align-center has-large-font-size\"><strong>Spole\u010dnost TEMAC nikdy ne\u010din\u00ed kompromisy v kvalit\u011b.<\/strong><\/p>\n\n\n\n<p class=\"has-text-align-center\">To znamen\u00e1, \u017ee pou\u017e\u00edv\u00e1 jen ty nejlep\u0161\u00ed komponenty na trhu, p\u0159i\u010dem\u017e v\u0161echny stroje odpov\u00eddaj\u00ed norm\u00e1m zaru\u010duj\u00edc\u00ed vysokou \u00farove\u0148 spolehlivosti a v\u00fdkonu.<\/p>\n\n\n\n<div class=\"wp-block-image is-style-default\"><figure class=\"aligncenter size-large is-resized\"><a href=\"https:\/\/www.onestop-pack.com\/cz\/wp-content\/uploads\/sites\/3\/2022\/03\/E-Dati-Tecnici-pdf.jpg\"><img decoding=\"async\" loading=\"lazy\" src=\"https:\/\/www.onestop-pack.com\/cz\/wp-content\/uploads\/sites\/3\/2022\/03\/E-Dati-Tecnici-pdf-1024x730.jpg\" alt=\"\" class=\"wp-image-1077\" width=\"512\" height=\"365\" srcset=\"https:\/\/www.onestop-pack.com\/cz\/wp-content\/uploads\/sites\/3\/2022\/03\/E-Dati-Tecnici-pdf-1024x730.jpg 1024w, https:\/\/www.onestop-pack.com\/cz\/wp-content\/uploads\/sites\/3\/2022\/03\/E-Dati-Tecnici-pdf-300x214.jpg 300w, https:\/\/www.onestop-pack.com\/cz\/wp-content\/uploads\/sites\/3\/2022\/03\/E-Dati-Tecnici-pdf-768x548.jpg 768w, https:\/\/www.onestop-pack.com\/cz\/wp-content\/uploads\/sites\/3\/2022\/03\/E-Dati-Tecnici-pdf-1200x856.jpg 1200w, https:\/\/www.onestop-pack.com\/cz\/wp-content\/uploads\/sites\/3\/2022\/03\/E-Dati-Tecnici-pdf.jpg 1280w\" sizes=\"(max-width: 512px) 100vw, 512px\" \/><\/a><\/figure><\/div>\n\n\n\n<p><\/p>\n\n\n\n<h2 class=\"has-text-align-center wp-block-heading\">Nov\u00e1 \u0159ady v\u00fdrobk\u016f Smartech<\/h2>\n\n\n\n<p class=\"has-text-align-center\">V roce 2021 spole\u010dnost TEMAC v \u0159ad\u011b stroj\u016f &#8220;Smartech&#8221; p\u0159edstavila nov\u00e9 rozhran\u00ed HMI zalo\u017een\u00e9 na jednom z nejv\u00fdkonn\u011bj\u0161\u00edch syst\u00e9m\u016f SCADA na trhu. Za\u0159\u00edzen\u00ed &#8220;Smartech&#8221; se zrodilo na z\u00e1klad\u011b pe\u010dliv\u00e9 anal\u00fdzy po\u017eadavk\u016f pracovn\u00edk\u016f obsluhy stroj\u016f a vedouc\u00edch pracovn\u00edk\u016f v\u00fdroby. Nab\u00edz\u00ed v\u0161echny funkce a nastaven\u00ed provozn\u00edch parametr\u016f stroje pou\u017eit\u00edm velmi modern\u00ed a kontrastn\u00ed grafiky a jednoduch\u00e9 intuitivn\u00ed kontextov\u00e9 n\u00e1pov\u011bdy na v\u0161ech dotykov\u00fdch kl\u00e1ves\u00e1ch.<\/p>\n<\/div>\n<\/div>\n\n\n\n<div class=\"wp-block-columns alignwide tiles-columns is-layout-flex wp-container-4\">\n<div class=\"wp-block-column has-white-background-color has-background ek-linked-block has-white-background-color is-layout-flow\">\n<figure class=\"wp-block-image size-full\"><img decoding=\"async\" loading=\"lazy\" width=\"505\" height=\"355\" src=\"https:\/\/www.onestop-pack.com\/cz\/wp-content\/uploads\/sites\/3\/2022\/03\/nuova-serie-smartech.jpg\" alt=\"\" class=\"wp-image-843\" srcset=\"https:\/\/www.onestop-pack.com\/cz\/wp-content\/uploads\/sites\/3\/2022\/03\/nuova-serie-smartech.jpg 505w, https:\/\/www.onestop-pack.com\/cz\/wp-content\/uploads\/sites\/3\/2022\/03\/nuova-serie-smartech-300x211.jpg 300w\" sizes=\"(max-width: 505px) 100vw, 505px\" \/><\/figure>\n\n\n\n<h4 class=\"has-text-align-center wp-block-heading\">Nov\u00e1 \u0159ada smartech<\/h4>\n<a href=\"\/cz\/for-converting\/slitter-rewinders-and-special-packaging-machines\/new-line-smartech\/\" class=\"editorskit-block-link\" rel=\"\"><\/a><\/div>\n<\/div>\n\n\n\n<div class=\"wp-block-columns alignwide introduction is-layout-flex wp-container-6\">\n<div class=\"wp-block-column is-layout-flow\" style=\"flex-basis:100%\">\n<h3 class=\"has-text-align-center wp-block-heading\">Ecosystemac<\/h3>\n\n\n\n<p class=\"has-text-align-center\">Spole\u010dnost Temac je citliv\u00e1 k t\u00e9mat\u016fm ekologie a respektuje ochranu \u017eivotn\u00edho prost\u0159ed\u00ed t\u00edm, \u017ee vyr\u00e1b\u00ed stroje a \u0159eza\u010dky s n\u00edzkou spot\u0159ebou energie.<\/p>\n\n\n\n<div class=\"wp-block-image\"><figure class=\"aligncenter size-full\"><img decoding=\"async\" loading=\"lazy\" width=\"365\" height=\"278\" src=\"https:\/\/www.onestop-pack.com\/cz\/wp-content\/uploads\/sites\/3\/2022\/03\/ECO.jpg\" alt=\"\" class=\"wp-image-1060\" srcset=\"https:\/\/www.onestop-pack.com\/cz\/wp-content\/uploads\/sites\/3\/2022\/03\/ECO.jpg 365w, https:\/\/www.onestop-pack.com\/cz\/wp-content\/uploads\/sites\/3\/2022\/03\/ECO-300x228.jpg 300w\" sizes=\"(max-width: 365px) 100vw, 365px\" \/><\/figure><\/div>\n<\/div>\n<\/div>\n\n\n\n<div class=\"wp-block-columns alignwide tiles-columns is-layout-flex wp-container-12\">\n<div class=\"wp-block-column has-white-background-color has-background ek-linked-block has-white-background-color is-layout-flow\">\n<figure class=\"wp-block-image size-full\"><img decoding=\"async\" loading=\"lazy\" width=\"505\" height=\"355\" src=\"https:\/\/www.onestop-pack.com\/cz\/wp-content\/uploads\/sites\/3\/2022\/03\/single-shaft-slitter-rewinder.jpg\" alt=\"\" class=\"wp-image-856\" srcset=\"https:\/\/www.onestop-pack.com\/cz\/wp-content\/uploads\/sites\/3\/2022\/03\/single-shaft-slitter-rewinder.jpg 505w, https:\/\/www.onestop-pack.com\/cz\/wp-content\/uploads\/sites\/3\/2022\/03\/single-shaft-slitter-rewinder-300x211.jpg 300w\" sizes=\"(max-width: 505px) 100vw, 505px\" \/><\/figure>\n\n\n\n<h4 class=\"has-text-align-center wp-block-heading\">Jednoh\u0159\u00eddelov\u00e1 \u0159eza\u010dka a p\u0159ev\u00edje\u010dka<\/h4>\n<a href=\"\/cz\/single-shaft-slitter-rewinder\/\" class=\"editorskit-block-link\" rel=\"\"><\/a><\/div>\n\n\n\n<div class=\"wp-block-column has-white-background-color has-background ek-linked-block has-white-background-color is-layout-flow\">\n<figure class=\"wp-block-image size-full\"><img decoding=\"async\" loading=\"lazy\" width=\"505\" height=\"355\" src=\"https:\/\/www.onestop-pack.com\/cz\/wp-content\/uploads\/sites\/3\/2022\/03\/ems610-s.jpg\" alt=\"\" class=\"wp-image-864\" srcset=\"https:\/\/www.onestop-pack.com\/cz\/wp-content\/uploads\/sites\/3\/2022\/03\/ems610-s.jpg 505w, https:\/\/www.onestop-pack.com\/cz\/wp-content\/uploads\/sites\/3\/2022\/03\/ems610-s-300x211.jpg 300w\" sizes=\"(max-width: 505px) 100vw, 505px\" \/><\/figure>\n\n\n\n<h4 class=\"has-text-align-center wp-block-heading\">Dvouh\u0159\u00eddelov\u00e1 \u0159eza\u010dka a  p\u0159ev\u00edje\u010dka<\/h4>\n<a href=\"\/cz\/for-converting\/slitter-rewinders-and-special-packaging-machines\/dual-shaft-slitter-rewinders\/\" class=\"editorskit-block-link\" rel=\"\"><\/a><\/div>\n\n\n\n<div class=\"wp-block-column has-white-background-color has-background ek-linked-block has-white-background-color is-layout-flow\">\n<figure class=\"wp-block-image size-full\"><img decoding=\"async\" loading=\"lazy\" width=\"505\" height=\"355\" src=\"https:\/\/www.onestop-pack.com\/cz\/wp-content\/uploads\/sites\/3\/2022\/03\/tts160-180.jpg\" alt=\"\" class=\"wp-image-859\" srcset=\"https:\/\/www.onestop-pack.com\/cz\/wp-content\/uploads\/sites\/3\/2022\/03\/tts160-180.jpg 505w, https:\/\/www.onestop-pack.com\/cz\/wp-content\/uploads\/sites\/3\/2022\/03\/tts160-180-300x211.jpg 300w\" sizes=\"(max-width: 505px) 100vw, 505px\" \/><\/figure>\n\n\n\n<h4 class=\"has-text-align-center wp-block-heading\">Revolverov\u00e1 \u0159eza\u010dka a  p\u0159ev\u00edje\u010dka<\/h4>\n<a href=\"\/cz\/for-converting\/slitter-rewinders-and-special-packaging-machines\/turret-slitter-rewinders\/\" class=\"editorskit-block-link\" rel=\"\"><\/a><\/div>\n\n\n\n<div class=\"wp-block-column has-white-background-color has-background ek-linked-block has-white-background-color is-layout-flow\">\n<figure class=\"wp-block-image size-full\"><img decoding=\"async\" loading=\"lazy\" width=\"271\" height=\"237\" src=\"https:\/\/www.onestop-pack.com\/cz\/wp-content\/uploads\/sites\/3\/2022\/03\/scaricatore-sf12.jpg\" alt=\"\" class=\"wp-image-881\"\/><\/figure>\n\n\n\n<h4 class=\"has-text-align-center wp-block-heading\">Vykl\u00e1dac\u00ed bo\u010dn\u00ed vidlice<\/h4>\n<a href=\"\/cz\/for-converting\/slitter-rewinders-and-special-packaging-machines\/unloading-side-forks\/\" class=\"editorskit-block-link\" rel=\"\"><\/a><\/div>\n\n\n\n<div class=\"wp-block-column has-white-background-color has-background ek-linked-block has-white-background-color is-layout-flow\">\n<figure class=\"wp-block-image size-full\"><img decoding=\"async\" loading=\"lazy\" width=\"505\" height=\"355\" src=\"https:\/\/www.onestop-pack.com\/cz\/wp-content\/uploads\/sites\/3\/2022\/03\/tmp850.jpg\" alt=\"\" class=\"wp-image-891\" srcset=\"https:\/\/www.onestop-pack.com\/cz\/wp-content\/uploads\/sites\/3\/2022\/03\/tmp850.jpg 505w, https:\/\/www.onestop-pack.com\/cz\/wp-content\/uploads\/sites\/3\/2022\/03\/tmp850-300x211.jpg 300w\" sizes=\"(max-width: 505px) 100vw, 505px\" \/><\/figure>\n\n\n\n<h4 class=\"has-text-align-center wp-block-heading\">Ostatn\u00ed stroje<\/h4>\n<a href=\"\/cz\/other-machines\/\" class=\"editorskit-block-link\" rel=\"\"><\/a><\/div>\n<\/div>\n\n\n\n<p><\/p>\n","protected":false},"excerpt":{"rendered":"<p>Spole\u010dnost TEMAC se st\u00e1le sna\u017e\u00ed o inovaci sv\u00fdch v\u00fdrobk\u016f: pod\u00edvejte se na z\u00e1lo\u017eky p\u0159edstavuj\u00edc\u00ed na\u0161e nejnov\u011bj\u0161\u00ed \u0159eza\u010dky a objevte v\u0161echny detaily, kter\u00fdmi se odli\u0161uj\u00ed od stroj\u016f konkuren\u010dn\u00edch v\u00fdrobc\u016f na trhu. Spole\u010dnost TEMAC nikdy ne\u010din\u00ed kompromisy v kvalit\u011b. To znamen\u00e1, \u017ee pou\u017e\u00edv\u00e1 jen ty nejlep\u0161\u00ed komponenty na trhu, p\u0159i\u010dem\u017e v\u0161echny stroje odpov\u00eddaj\u00ed norm\u00e1m zaru\u010duj\u00edc\u00ed vysokou \u00farove\u0148 [&hellip;]<\/p>\n","protected":false},"author":2,"featured_media":0,"parent":196,"menu_order":0,"comment_status":"closed","ping_status":"closed","template":"","meta":{"advgb_blocks_editor_width":"","advgb_blocks_columns_visual_guide":"","_editorskit_title_hidden":false,"_editorskit_reading_time":1,"_editorskit_is_block_options_detached":false,"_editorskit_block_options_position":"{}"},"coauthors":[],"author_meta":{"author_link":"https:\/\/www.onestop-pack.com\/cz\/blog\/author\/lucka\/","display_name":"Lucka"},"relative_dates":{"created":"Posted 4 years ago","modified":"Updated 4 years ago"},"absolute_dates":{"created":"Posted on 21. 2. 2022","modified":"Updated on 3. 10. 2022"},"absolute_dates_time":{"created":"Posted on 21. 2. 2022 12:47","modified":"Updated on 3. 10. 2022 14:09"},"featured_img_caption":"","featured_img":false,"series_order":"","_links":{"self":[{"href":"https:\/\/www.onestop-pack.com\/cz\/wp-json\/wp\/v2\/pages\/198"}],"collection":[{"href":"https:\/\/www.onestop-pack.com\/cz\/wp-json\/wp\/v2\/pages"}],"about":[{"href":"https:\/\/www.onestop-pack.com\/cz\/wp-json\/wp\/v2\/types\/page"}],"author":[{"embeddable":true,"href":"https:\/\/www.onestop-pack.com\/cz\/wp-json\/wp\/v2\/users\/2"}],"replies":[{"embeddable":true,"href":"https:\/\/www.onestop-pack.com\/cz\/wp-json\/wp\/v2\/comments?post=198"}],"version-history":[{"count":28,"href":"https:\/\/www.onestop-pack.com\/cz\/wp-json\/wp\/v2\/pages\/198\/revisions"}],"predecessor-version":[{"id":1300,"href":"https:\/\/www.onestop-pack.com\/cz\/wp-json\/wp\/v2\/pages\/198\/revisions\/1300"}],"up":[{"embeddable":true,"href":"https:\/\/www.onestop-pack.com\/cz\/wp-json\/wp\/v2\/pages\/196"}],"wp:attachment":[{"href":"https:\/\/www.onestop-pack.com\/cz\/wp-json\/wp\/v2\/media?parent=198"}],"curies":[{"name":"wp","href":"https:\/\/api.w.org\/{rel}","templated":true}]}}