{"id":181,"date":"2022-02-19T01:28:28","date_gmt":"2022-02-19T00:28:28","guid":{"rendered":"http:\/\/onestoppack.dvanaweb.cz\/cz\/?page_id=181"},"modified":"2023-01-20T15:01:28","modified_gmt":"2023-01-20T14:01:28","slug":"cold-and-hot-microperforation","status":"publish","type":"page","link":"https:\/\/www.onestop-pack.com\/cz\/for-converting\/perforation-systems\/cold-and-hot-microperforation\/","title":{"rendered":"Mikroperforace za studena a za tepla"},"content":{"rendered":"\n<div class=\"wp-block-columns alignwide introduction is-layout-flex wp-container-3\">\n<div class=\"wp-block-column is-vertically-aligned-top is-layout-flow\" style=\"flex-basis:50%\">\n<div class=\"wp-block-image\"><figure class=\"aligncenter size-full\"><a href=\"https:\/\/www.onestop-pack.com\/cz\/wp-content\/uploads\/sites\/3\/2023\/01\/cold-and-hot-microperforation-1-e1674223112972.jpg\"><img decoding=\"async\" loading=\"lazy\" width=\"396\" height=\"487\" src=\"https:\/\/www.onestop-pack.com\/cz\/wp-content\/uploads\/sites\/3\/2023\/01\/cold-and-hot-microperforation-1-e1674223112972.jpg\" alt=\"\" class=\"wp-image-1385\" srcset=\"https:\/\/www.onestop-pack.com\/cz\/wp-content\/uploads\/sites\/3\/2023\/01\/cold-and-hot-microperforation-1-e1674223112972.jpg 396w, https:\/\/www.onestop-pack.com\/cz\/wp-content\/uploads\/sites\/3\/2023\/01\/cold-and-hot-microperforation-1-e1674223112972-244x300.jpg 244w\" sizes=\"(max-width: 396px) 100vw, 396px\" \/><\/a><\/figure><\/div>\n<\/div>\n\n\n\n<div class=\"wp-block-column is-layout-flow\" style=\"flex-basis:50%\">\n<p class=\"has-text-align-left\">Na\u0161e mikroperfora\u010dn\u00ed jednotky jsou ur\u010deny k perforaci kulat\u00fdch otvor\u016f o pr\u016fm\u011bru men\u0161\u00edm ne\u017e 1 mm a lze je integrovat do jak\u00e9koliv st\u00e1vaj\u00edc\u00ed v\u00fdrobn\u00ed linky. Ka\u017ed\u00fd perfora\u010dn\u00ed krou\u017eek je vyroben na zak\u00e1zku a je ur\u010den pro konkr\u00e9tn\u00ed v\u00fdrobn\u00ed aplikace a po\u017eadavky.<\/p>\n<\/div>\n<\/div>\n\n\n\n<h3 class=\"wp-block-heading\" id=\"request-this-product\">Vy\u017e\u00e1dejte si v\u00edce informac\u00ed:<\/h3>\n\n\n<div class=\"frm_forms \" id=\"frm_form_2_container\" data-token=\"a76d3e1d981f6a9066737bda93d9b673\">\n<form enctype=\"multipart\/form-data\" method=\"post\" class=\"frm-show-form \" id=\"form_requestproduct\"  data-token=\"a76d3e1d981f6a9066737bda93d9b673\">\n<div class=\"frm_form_fields \">\n<fieldset>\n<legend class=\"frm_screen_reader\">V\u00edce informac\u00ed o produktu<\/legend>\r\n\r\n<div class=\"frm_fields_container\">\n<input type=\"hidden\" name=\"frm_action\" value=\"create\" \/>\n<input type=\"hidden\" name=\"form_id\" value=\"2\" \/>\n<input type=\"hidden\" name=\"frm_hide_fields_2\" id=\"frm_hide_fields_2\" value=\"\" \/>\n<input type=\"hidden\" name=\"form_key\" value=\"requestproduct\" \/>\n<input type=\"hidden\" name=\"item_meta[0]\" value=\"\" \/>\n<input type=\"hidden\" id=\"frm_submit_entry_2\" name=\"frm_submit_entry_2\" value=\"cdcacc428f\" \/><input type=\"hidden\" name=\"_wp_http_referer\" value=\"\/cz\/wp-json\/wp\/v2\/pages\/181\" \/><div id=\"frm_field_14_container\" class=\"frm_form_field form-field  frm_required_field frm_top_container\">\r\n    <label for=\"field_20a7t\" id=\"field_20a7t_label\" class=\"frm_primary_label\">Jm\u00e9no\r\n        <span class=\"frm_required\" aria-hidden=\"true\">*<\/span>\r\n    <\/label>\r\n    <input type=\"text\" id=\"field_20a7t\" name=\"item_meta[14]\" value=\"\"  data-reqmsg=\"Toto pole nesm\u00ed b\u00fdt pr\u00e1zdn\u00e9.\" aria-required=\"true\" data-invmsg=\"Text is invalid\" aria-invalid=\"false\"  \/>\r\n    \r\n    \r\n<\/div>\n<div id=\"frm_field_15_container\" class=\"frm_form_field form-field  frm_required_field frm_top_container\">\r\n    <label for=\"field_t5jcr\" id=\"field_t5jcr_label\" class=\"frm_primary_label\">E-mail\r\n        <span class=\"frm_required\" aria-hidden=\"true\">*<\/span>\r\n    <\/label>\r\n    <input type=\"email\" id=\"field_t5jcr\" name=\"item_meta[15]\" value=\"\"  data-reqmsg=\"Toto pole nesm\u00ed b\u00fdt pr\u00e1zdn\u00e9.\" aria-required=\"true\" data-invmsg=\"Email is invalid\" aria-invalid=\"false\"  \/>\r\n    \r\n    \r\n<\/div>\n<input type=\"hidden\" id=\"field_naikx\" name=\"item_meta[18]\" value=\"https:\/\/www.onestop-pack.com\/cz\/wp-json\/wp\/v2\/pages\/181\"  data-frmval=\"https:\/\/www.onestop-pack.com\/cz\/wp-json\/wp\/v2\/pages\/181\" data-invmsg=\"Hidden is invalid\"  \/><div id=\"frm_field_22_container\" class=\"frm_form_field form-field  frm_none_container\">\n    <label for=\"g-recaptcha-response\" id=\"field_nw90j_label\" class=\"frm_primary_label\">Captcha\n        <span class=\"frm_required\" aria-hidden=\"true\"><\/span>\n    <\/label>\n    <div id=\"field_nw90j\" class=\"frm-g-recaptcha\" data-sitekey=\"6LfwuMUqAAAAANinh9X1kX96HOaQ5lFADJtxhBCX\" data-size=\"invisible\" data-theme=\"light\"><\/div>\n    \n    \n<\/div>\n\t<input type=\"hidden\" name=\"item_key\" value=\"\" \/>\n\t\t\t\t<div class=\"frm_verify\" aria-hidden=\"true\">\n\t\t\t\t<label for=\"frm_email_2\">\n\t\t\t\t\tIf you are human, leave this field blank.\t\t\t\t<\/label>\n\t\t\t\t<input type=\"text\" class=\"frm_verify\" id=\"frm_email_2\" name=\"frm_verify\" value=\"\"  \/>\n\t\t\t<\/div>\n\t\t<div class=\"frm_submit\">\r\n\r\n<button class=\"frm_button_submit\" type=\"submit\"  >Odeslat<\/button>\r\n\r\n<\/div><\/div>\n<\/fieldset>\n<\/div>\n<\/form>\n<\/div>\n\n","protected":false},"excerpt":{"rendered":"<p>Na\u0161e mikroperfora\u010dn\u00ed jednotky jsou ur\u010deny k perforaci kulat\u00fdch otvor\u016f o pr\u016fm\u011bru men\u0161\u00edm ne\u017e 1 mm a lze je integrovat do jak\u00e9koliv st\u00e1vaj\u00edc\u00ed v\u00fdrobn\u00ed linky. Ka\u017ed\u00fd perfora\u010dn\u00ed krou\u017eek je vyroben na zak\u00e1zku a je ur\u010den pro konkr\u00e9tn\u00ed v\u00fdrobn\u00ed aplikace a po\u017eadavky. Vy\u017e\u00e1dejte si v\u00edce informac\u00ed:<\/p>\n","protected":false},"author":2,"featured_media":0,"parent":177,"menu_order":0,"comment_status":"closed","ping_status":"closed","template":"","meta":{"advgb_blocks_editor_width":"","advgb_blocks_columns_visual_guide":"","_editorskit_title_hidden":false,"_editorskit_reading_time":1,"_editorskit_is_block_options_detached":false,"_editorskit_block_options_position":"{}"},"coauthors":[],"author_meta":{"author_link":"https:\/\/www.onestop-pack.com\/cz\/blog\/author\/lucka\/","display_name":"Lucka"},"relative_dates":{"created":"Posted 4 years ago","modified":"Updated 3 years ago"},"absolute_dates":{"created":"Posted on 19. 2. 2022","modified":"Updated on 20. 1. 2023"},"absolute_dates_time":{"created":"Posted on 19. 2. 2022 1:28","modified":"Updated on 20. 1. 2023 15:01"},"featured_img_caption":"","featured_img":false,"series_order":"","_links":{"self":[{"href":"https:\/\/www.onestop-pack.com\/cz\/wp-json\/wp\/v2\/pages\/181"}],"collection":[{"href":"https:\/\/www.onestop-pack.com\/cz\/wp-json\/wp\/v2\/pages"}],"about":[{"href":"https:\/\/www.onestop-pack.com\/cz\/wp-json\/wp\/v2\/types\/page"}],"author":[{"embeddable":true,"href":"https:\/\/www.onestop-pack.com\/cz\/wp-json\/wp\/v2\/users\/2"}],"replies":[{"embeddable":true,"href":"https:\/\/www.onestop-pack.com\/cz\/wp-json\/wp\/v2\/comments?post=181"}],"version-history":[{"count":15,"href":"https:\/\/www.onestop-pack.com\/cz\/wp-json\/wp\/v2\/pages\/181\/revisions"}],"predecessor-version":[{"id":1387,"href":"https:\/\/www.onestop-pack.com\/cz\/wp-json\/wp\/v2\/pages\/181\/revisions\/1387"}],"up":[{"embeddable":true,"href":"https:\/\/www.onestop-pack.com\/cz\/wp-json\/wp\/v2\/pages\/177"}],"wp:attachment":[{"href":"https:\/\/www.onestop-pack.com\/cz\/wp-json\/wp\/v2\/media?parent=181"}],"curies":[{"name":"wp","href":"https:\/\/api.w.org\/{rel}","templated":true}]}}