{"id":165,"date":"2022-02-19T01:25:14","date_gmt":"2022-02-19T00:25:14","guid":{"rendered":"http:\/\/onestoppack.dvanaweb.cz\/cz\/?page_id=165"},"modified":"2022-10-03T14:46:50","modified_gmt":"2022-10-03T12:46:50","slug":"viscosity-controls","status":"publish","type":"page","link":"https:\/\/www.onestop-pack.com\/cz\/for-flexo-printing\/accessories\/viscosity-controls\/","title":{"rendered":"Kontrola viskozity"},"content":{"rendered":"\n<div class=\"wp-block-columns alignwide introduction is-layout-flex wp-container-5\">\n<div class=\"wp-block-column is-layout-flow\" style=\"flex-basis:50%\">\n<figure class=\"wp-block-gallery alignfull has-nested-images columns-2 is-cropped wp-block-gallery-1 is-layout-flex\">\n<figure class=\"wp-block-image size-large\"><a href=\"https:\/\/www.onestop-pack.com\/cz\/wp-content\/uploads\/sites\/3\/2022\/03\/4_logiche_viscosimetri_selectra_-9707fd6c.jpg\"><img decoding=\"async\" loading=\"lazy\" width=\"675\" height=\"990\" src=\"https:\/\/www.onestop-pack.com\/cz\/wp-content\/uploads\/sites\/3\/2022\/03\/4_logiche_viscosimetri_selectra_-9707fd6c.jpg\" alt=\"\" class=\"wp-image-748\" srcset=\"https:\/\/www.onestop-pack.com\/cz\/wp-content\/uploads\/sites\/3\/2022\/03\/4_logiche_viscosimetri_selectra_-9707fd6c.jpg 675w, https:\/\/www.onestop-pack.com\/cz\/wp-content\/uploads\/sites\/3\/2022\/03\/4_logiche_viscosimetri_selectra_-9707fd6c-205x300.jpg 205w\" sizes=\"(max-width: 675px) 100vw, 675px\" \/><\/a><\/figure>\n\n\n\n<figure class=\"wp-block-image size-large\"><a href=\"https:\/\/www.onestop-pack.com\/cz\/wp-content\/uploads\/sites\/3\/2022\/03\/viscosimetro_selectra_su_macchina_flexostack-f323119c.jpg\"><img decoding=\"async\" loading=\"lazy\" width=\"563\" height=\"1000\" src=\"https:\/\/www.onestop-pack.com\/cz\/wp-content\/uploads\/sites\/3\/2022\/03\/viscosimetro_selectra_su_macchina_flexostack-f323119c.jpg\" alt=\"\" class=\"wp-image-749\" srcset=\"https:\/\/www.onestop-pack.com\/cz\/wp-content\/uploads\/sites\/3\/2022\/03\/viscosimetro_selectra_su_macchina_flexostack-f323119c.jpg 563w, https:\/\/www.onestop-pack.com\/cz\/wp-content\/uploads\/sites\/3\/2022\/03\/viscosimetro_selectra_su_macchina_flexostack-f323119c-169x300.jpg 169w\" sizes=\"(max-width: 563px) 100vw, 563px\" \/><\/a><\/figure>\n\n\n\n<figure class=\"wp-block-image size-full\"><a href=\"https:\/\/www.onestop-pack.com\/cz\/wp-content\/uploads\/sites\/3\/2022\/03\/selectra-seleVISCO9000.png\"><img decoding=\"async\" loading=\"lazy\" width=\"276\" height=\"524\" src=\"https:\/\/www.onestop-pack.com\/cz\/wp-content\/uploads\/sites\/3\/2022\/03\/selectra-seleVISCO9000.png\" alt=\"\" class=\"wp-image-750\" srcset=\"https:\/\/www.onestop-pack.com\/cz\/wp-content\/uploads\/sites\/3\/2022\/03\/selectra-seleVISCO9000.png 276w, https:\/\/www.onestop-pack.com\/cz\/wp-content\/uploads\/sites\/3\/2022\/03\/selectra-seleVISCO9000-158x300.png 158w\" sizes=\"(max-width: 276px) 100vw, 276px\" \/><\/a><\/figure>\n<\/figure>\n<\/div>\n\n\n\n<div class=\"wp-block-column is-layout-flow\" style=\"flex-basis:50%\">\n<p>Syst\u00e9my pro kontrolu viskozity jsou ide\u00e1ln\u00edmi p\u0159\u00edstroji pro kontrolu tiskov\u00e9ho procesu a umo\u017e\u0148uj\u00ed m\u011b\u0159en\u00ed v\u00fdkonnosti v\u00fdroby. Studie proveden\u00e1 na m\u00edst\u011b na\u0161\u00edm technick\u00fdm odd\u011blen\u00edm zaznamenala sn\u00ed\u017een\u00ed spot\u0159eby o v\u00edce ne\u017e 20 % u inkoust\u016f na b\u00e1zi rozpou\u0161t\u011bdel a o v\u00edce ne\u017e 10 % u inkoust\u016f na b\u00e1zi vody. Syst\u00e9m pro kontrolu viskozity nav\u00edc umo\u017e\u0148uje zachovat optim\u00e1ln\u00ed opakovatelnost kvality tisku a zjednodu\u0161uje cel\u00fd pracovn\u00ed proces.<\/p>\n\n\n\n<p class=\"has-text-align-left\">Syst\u00e9m pro kontrolu viskozity SELEVISCO 9000 lze integrovat do flexotiskov\u00fdch a hlubotiskov\u00fdch stroj\u016f, lakovac\u00edch a laminovac\u00edch stroj\u016f, lepic\u00edch stroj\u016f a mnoha dal\u0161\u00edch speci\u00e1ln\u00edch aplikac\u00ed. Absence pohybliv\u00fdch prvk\u016f eliminuje nutnost \u010dast\u00e9 \u00fadr\u017eby. Strojn\u00ed za\u0159\u00edzen\u00ed SELEVISCO lze nav\u00edc integrovat do syst\u00e9mu automatick\u00fdch myc\u00edch cykl\u016f, co\u017e zaru\u010duje \u00fa\u010dinnost a funk\u010dnost po extr\u00e9mn\u011b dlouhou dobu bez jak\u00fdchkoliv zvl\u00e1\u0161tn\u00edch opat\u0159en\u00ed.<\/p>\n\n\n\n<p class=\"has-text-align-left\">Na\u0161e za\u0159\u00edzen\u00ed SELEVISCO 9000 v\u00e1m zajist\u00ed vysokou p\u0159esnost d\u00edky vynikaj\u00edc\u00ed toleranci ode\u010dtu a jeho instalaci do linky. Syst\u00e9m nevy\u017eaduje ka\u017edodenn\u00ed kalibraci, dlouhodob\u011b dob\u0159e koreluje s odm\u011brkou FORD-4 a nen\u00ed citliv\u00fd na vibrace stroje.<\/p>\n\n\n\n<p class=\"has-text-align-left\">Ovl\u00e1dac\u00ed panel i kapsle SELEVISCO \u0159ady 9000 jsou certifikov\u00e1ny podle sm\u011brnice ATEX.<\/p>\n<\/div>\n<\/div>\n\n\n\n<p><\/p>\n\n\n\n<h3 class=\"wp-block-heading\" id=\"request-this-product\">Vy\u017e\u00e1dejte si v\u00edce informac\u00ed:<\/h3>\n\n\n<div class=\"frm_forms \" id=\"frm_form_2_container\" data-token=\"468b50320962f39390e9d3da8b0d6bb0\">\n<form enctype=\"multipart\/form-data\" method=\"post\" class=\"frm-show-form \" id=\"form_requestproduct\"  data-token=\"468b50320962f39390e9d3da8b0d6bb0\">\n<div class=\"frm_form_fields \">\n<fieldset>\n<legend class=\"frm_screen_reader\">V\u00edce informac\u00ed o produktu<\/legend>\r\n\r\n<div class=\"frm_fields_container\">\n<input type=\"hidden\" name=\"frm_action\" value=\"create\" \/>\n<input type=\"hidden\" name=\"form_id\" value=\"2\" \/>\n<input type=\"hidden\" name=\"frm_hide_fields_2\" id=\"frm_hide_fields_2\" value=\"\" \/>\n<input type=\"hidden\" name=\"form_key\" value=\"requestproduct\" \/>\n<input type=\"hidden\" name=\"item_meta[0]\" value=\"\" \/>\n<input type=\"hidden\" id=\"frm_submit_entry_2\" name=\"frm_submit_entry_2\" value=\"d9920af752\" \/><input type=\"hidden\" name=\"_wp_http_referer\" value=\"\/cz\/wp-json\/wp\/v2\/pages\/165\" \/><div id=\"frm_field_14_container\" class=\"frm_form_field form-field  frm_required_field frm_top_container\">\r\n    <label for=\"field_20a7t\" id=\"field_20a7t_label\" class=\"frm_primary_label\">Jm\u00e9no\r\n        <span class=\"frm_required\" aria-hidden=\"true\">*<\/span>\r\n    <\/label>\r\n    <input type=\"text\" id=\"field_20a7t\" name=\"item_meta[14]\" value=\"\"  data-reqmsg=\"Toto pole nesm\u00ed b\u00fdt pr\u00e1zdn\u00e9.\" aria-required=\"true\" data-invmsg=\"Text is invalid\" aria-invalid=\"false\"  \/>\r\n    \r\n    \r\n<\/div>\n<div id=\"frm_field_15_container\" class=\"frm_form_field form-field  frm_required_field frm_top_container\">\r\n    <label for=\"field_t5jcr\" id=\"field_t5jcr_label\" class=\"frm_primary_label\">E-mail\r\n        <span class=\"frm_required\" aria-hidden=\"true\">*<\/span>\r\n    <\/label>\r\n    <input type=\"email\" id=\"field_t5jcr\" name=\"item_meta[15]\" value=\"\"  data-reqmsg=\"Toto pole nesm\u00ed b\u00fdt pr\u00e1zdn\u00e9.\" aria-required=\"true\" data-invmsg=\"Email is invalid\" aria-invalid=\"false\"  \/>\r\n    \r\n    \r\n<\/div>\n<input type=\"hidden\" id=\"field_naikx\" name=\"item_meta[18]\" value=\"https:\/\/www.onestop-pack.com\/cz\/wp-json\/wp\/v2\/pages\/165\"  data-frmval=\"https:\/\/www.onestop-pack.com\/cz\/wp-json\/wp\/v2\/pages\/165\" data-invmsg=\"Hidden is invalid\"  \/><div id=\"frm_field_22_container\" class=\"frm_form_field form-field  frm_none_container\">\n    <label for=\"g-recaptcha-response\" id=\"field_nw90j_label\" class=\"frm_primary_label\">Captcha\n        <span class=\"frm_required\" aria-hidden=\"true\"><\/span>\n    <\/label>\n    <div id=\"field_nw90j\" class=\"frm-g-recaptcha\" data-sitekey=\"6LfwuMUqAAAAANinh9X1kX96HOaQ5lFADJtxhBCX\" data-size=\"invisible\" data-theme=\"light\"><\/div>\n    \n    \n<\/div>\n\t<input type=\"hidden\" name=\"item_key\" value=\"\" \/>\n\t\t\t\t<div class=\"frm_verify\" aria-hidden=\"true\">\n\t\t\t\t<label for=\"frm_email_2\">\n\t\t\t\t\tIf you are human, leave this field blank.\t\t\t\t<\/label>\n\t\t\t\t<input type=\"text\" class=\"frm_verify\" id=\"frm_email_2\" name=\"frm_verify\" value=\"\"  \/>\n\t\t\t<\/div>\n\t\t<div class=\"frm_submit\">\r\n\r\n<button class=\"frm_button_submit\" type=\"submit\"  >Odeslat<\/button>\r\n\r\n<\/div><\/div>\n<\/fieldset>\n<\/div>\n<\/form>\n<\/div>\n\n","protected":false},"excerpt":{"rendered":"<p>Syst\u00e9my pro kontrolu viskozity jsou ide\u00e1ln\u00edmi p\u0159\u00edstroji pro kontrolu tiskov\u00e9ho procesu a umo\u017e\u0148uj\u00ed m\u011b\u0159en\u00ed v\u00fdkonnosti v\u00fdroby. Studie proveden\u00e1 na m\u00edst\u011b na\u0161\u00edm technick\u00fdm odd\u011blen\u00edm zaznamenala sn\u00ed\u017een\u00ed spot\u0159eby o v\u00edce ne\u017e 20 % u inkoust\u016f na b\u00e1zi rozpou\u0161t\u011bdel a o v\u00edce ne\u017e 10 % u inkoust\u016f na b\u00e1zi vody. Syst\u00e9m pro kontrolu viskozity nav\u00edc umo\u017e\u0148uje zachovat optim\u00e1ln\u00ed [&hellip;]<\/p>\n","protected":false},"author":2,"featured_media":0,"parent":711,"menu_order":0,"comment_status":"closed","ping_status":"closed","template":"","meta":{"advgb_blocks_editor_width":"","advgb_blocks_columns_visual_guide":"","_editorskit_title_hidden":false,"_editorskit_reading_time":1,"_editorskit_is_block_options_detached":false,"_editorskit_block_options_position":"{}"},"coauthors":[],"author_meta":{"author_link":"https:\/\/www.onestop-pack.com\/cz\/blog\/author\/lucka\/","display_name":"Lucka"},"relative_dates":{"created":"Posted 4 years ago","modified":"Updated 4 years ago"},"absolute_dates":{"created":"Posted on 19. 2. 2022","modified":"Updated on 3. 10. 2022"},"absolute_dates_time":{"created":"Posted on 19. 2. 2022 1:25","modified":"Updated on 3. 10. 2022 14:46"},"featured_img_caption":"","featured_img":false,"series_order":"","_links":{"self":[{"href":"https:\/\/www.onestop-pack.com\/cz\/wp-json\/wp\/v2\/pages\/165"}],"collection":[{"href":"https:\/\/www.onestop-pack.com\/cz\/wp-json\/wp\/v2\/pages"}],"about":[{"href":"https:\/\/www.onestop-pack.com\/cz\/wp-json\/wp\/v2\/types\/page"}],"author":[{"embeddable":true,"href":"https:\/\/www.onestop-pack.com\/cz\/wp-json\/wp\/v2\/users\/2"}],"replies":[{"embeddable":true,"href":"https:\/\/www.onestop-pack.com\/cz\/wp-json\/wp\/v2\/comments?post=165"}],"version-history":[{"count":18,"href":"https:\/\/www.onestop-pack.com\/cz\/wp-json\/wp\/v2\/pages\/165\/revisions"}],"predecessor-version":[{"id":1267,"href":"https:\/\/www.onestop-pack.com\/cz\/wp-json\/wp\/v2\/pages\/165\/revisions\/1267"}],"up":[{"embeddable":true,"href":"https:\/\/www.onestop-pack.com\/cz\/wp-json\/wp\/v2\/pages\/711"}],"wp:attachment":[{"href":"https:\/\/www.onestop-pack.com\/cz\/wp-json\/wp\/v2\/media?parent=165"}],"curies":[{"name":"wp","href":"https:\/\/api.w.org\/{rel}","templated":true}]}}