{"id":16,"date":"2022-01-19T14:43:44","date_gmt":"2022-01-19T13:43:44","guid":{"rendered":"http:\/\/onestoppack.dvanaweb.cz\/cz\/?page_id=16"},"modified":"2023-05-04T12:39:30","modified_gmt":"2023-05-04T10:39:30","slug":"blog","status":"publish","type":"page","link":"https:\/\/www.onestop-pack.com\/cz\/blog\/","title":{"rendered":"Novinky"},"content":{"rendered":"\n<div class=\"wp-block-columns alignwide is-layout-flex wp-container-3\">\n<div class=\"wp-block-column is-layout-flow\">\n<div class=\"wp-block-buttons is-content-justification-center is-layout-flex wp-container-1\">\n<div class=\"wp-block-button is-style-outline\"><a class=\"wp-block-button__link\" href=\"\/cz\/blog\/produkty-technologie\/\">Produkty &amp; technologie<\/a><\/div>\n\n\n\n<div class=\"wp-block-button is-style-outline\"><a class=\"wp-block-button__link\" href=\"\/cz\/blog\/akce-veletrhy\/\">Akce &amp; veletrhy<\/a><\/div>\n<\/div>\n<\/div>\n<\/div>\n\n\n\n<div class=\"wp-block-columns alignwide is-layout-flex wp-container-5\">\n<div class=\"wp-block-column is-layout-flow\"><div class=\"advgb-recent-posts-block masonry-view columns-3 tbl-columns-2 mbl-columns-1 gap-10 recent-posts-e247d34c-28af-4c8b-8f22-ea8f4099905b\"><div class=\"advgb-recent-posts\"><article class=\"advgb-recent-post\"><div class=\"advgb-post-thumbnail\"><a href=\"https:\/\/www.onestop-pack.com\/cz\/blog\/2024\/09\/03\/mark-2-stocky-myci-system\/\"><img width=\"339\" height=\"204\" src=\"https:\/\/www.onestop-pack.com\/cz\/wp-content\/uploads\/sites\/3\/2024\/09\/mark-2-washing-system.jpg\" class=\"attachment-large size-large\" alt=\"\" decoding=\"async\" loading=\"lazy\" srcset=\"https:\/\/www.onestop-pack.com\/cz\/wp-content\/uploads\/sites\/3\/2024\/09\/mark-2-washing-system.jpg 339w, https:\/\/www.onestop-pack.com\/cz\/wp-content\/uploads\/sites\/3\/2024\/09\/mark-2-washing-system-300x181.jpg 300w\" sizes=\"(max-width: 339px) 100vw, 339px\" \/><\/a><\/div><div class=\"advgb-post-wrapper\"><h2 class=\"advgb-post-title\"><a href=\"https:\/\/www.onestop-pack.com\/cz\/blog\/2024\/09\/03\/mark-2-stocky-myci-system\/\">MARK II &#8211; \u0160to\u010dky &#8211; myc\u00ed syst\u00e9m<\/a><\/h2><div class=\"advgb-post-content\"><div class=\"advgb-post-excerpt\">LC ELECTRA Mark II je p\u0159irozen\u00fdm v\u00fdvojem za\u0159\u00edzen\u00ed LC ELECTRA (Evolution) pro myt\u00ed flexografick\u00fdch polymern\u00edch \u0161to\u010dk\u016f, kter\u00e9 IRAC vyr\u00e1b\u00ed a prod\u00e1v\u00e1 ji\u017e <\/div><div class=\"advgb-post-readmore\"><a href=\"https:\/\/www.onestop-pack.com\/cz\/blog\/2024\/09\/03\/mark-2-stocky-myci-system\/\">\u010c\u00edst v\u00edce<\/a><\/div><\/div><\/div><\/article><article class=\"advgb-recent-post\"><div class=\"advgb-post-thumbnail\"><a href=\"https:\/\/www.onestop-pack.com\/cz\/blog\/2024\/05\/29\/bezprevodovy-tiskovy-strojs-centralnim-valcem-flexofem\/\"><img width=\"580\" height=\"458\" src=\"https:\/\/www.onestop-pack.com\/cz\/wp-content\/uploads\/sites\/3\/2024\/05\/2024-05-29_19h36_07.png\" class=\"attachment-large size-large\" alt=\"\" decoding=\"async\" loading=\"lazy\" srcset=\"https:\/\/www.onestop-pack.com\/cz\/wp-content\/uploads\/sites\/3\/2024\/05\/2024-05-29_19h36_07.png 814w, https:\/\/www.onestop-pack.com\/cz\/wp-content\/uploads\/sites\/3\/2024\/05\/2024-05-29_19h36_07-300x237.png 300w, https:\/\/www.onestop-pack.com\/cz\/wp-content\/uploads\/sites\/3\/2024\/05\/2024-05-29_19h36_07-768x607.png 768w\" sizes=\"(max-width: 580px) 100vw, 580px\" \/><\/a><\/div><div class=\"advgb-post-wrapper\"><h2 class=\"advgb-post-title\"><a href=\"https:\/\/www.onestop-pack.com\/cz\/blog\/2024\/05\/29\/bezprevodovy-tiskovy-strojs-centralnim-valcem-flexofem\/\">Bezp\u0159evodov\u00fd tiskov\u00fd strojs centr\u00e1ln\u00edm v\u00e1lcem Flexofem<\/a><\/h2><div class=\"advgb-post-content\"><div class=\"advgb-post-excerpt\"><\/div><div class=\"advgb-post-readmore\"><a href=\"https:\/\/www.onestop-pack.com\/cz\/blog\/2024\/05\/29\/bezprevodovy-tiskovy-strojs-centralnim-valcem-flexofem\/\">\u010c\u00edst v\u00edce<\/a><\/div><\/div><\/div><\/article><article class=\"advgb-recent-post\"><div class=\"advgb-post-thumbnail\"><a href=\"https:\/\/www.onestop-pack.com\/cz\/blog\/2024\/05\/15\/voziky-pro-zvedani-roli\/\"><img width=\"580\" height=\"431\" src=\"https:\/\/www.onestop-pack.com\/cz\/wp-content\/uploads\/sites\/3\/2024\/05\/IMG_9446-1.jpg\" class=\"attachment-large size-large\" alt=\"\" decoding=\"async\" loading=\"lazy\" srcset=\"https:\/\/www.onestop-pack.com\/cz\/wp-content\/uploads\/sites\/3\/2024\/05\/IMG_9446-1.jpg 800w, https:\/\/www.onestop-pack.com\/cz\/wp-content\/uploads\/sites\/3\/2024\/05\/IMG_9446-1-300x223.jpg 300w, https:\/\/www.onestop-pack.com\/cz\/wp-content\/uploads\/sites\/3\/2024\/05\/IMG_9446-1-768x570.jpg 768w\" sizes=\"(max-width: 580px) 100vw, 580px\" \/><\/a><\/div><div class=\"advgb-post-wrapper\"><h2 class=\"advgb-post-title\"><a href=\"https:\/\/www.onestop-pack.com\/cz\/blog\/2024\/05\/15\/voziky-pro-zvedani-roli\/\">Voz\u00edky pro zved\u00e1n\u00ed rol\u00ed<\/a><\/h2><div class=\"advgb-post-content\"><div class=\"advgb-post-excerpt\">Spole\u010dnost ONE STOP PACK s.r.o. s hrdost\u00ed oznamuje dal\u0161\u00ed spolupr\u00e1ci s prvot\u0159\u00eddn\u00edm partnerem na trhu flexibiln\u00edch obalov\u00fdch materi\u00e1l\u016f. Costruzioni Mecc<\/div><div class=\"advgb-post-readmore\"><a href=\"https:\/\/www.onestop-pack.com\/cz\/blog\/2024\/05\/15\/voziky-pro-zvedani-roli\/\">\u010c\u00edst v\u00edce<\/a><\/div><\/div><\/div><\/article><article class=\"advgb-recent-post\"><div class=\"advgb-post-thumbnail\"><a href=\"https:\/\/www.onestop-pack.com\/cz\/blog\/2024\/05\/01\/drupa-nejvetsi-svetova-vystava-tiskarskych-technologii\/\"><img width=\"580\" height=\"412\" src=\"https:\/\/www.onestop-pack.com\/cz\/wp-content\/uploads\/sites\/3\/2024\/05\/letakonestop-1024x728.png\" class=\"attachment-large size-large\" alt=\"\" decoding=\"async\" loading=\"lazy\" srcset=\"https:\/\/www.onestop-pack.com\/cz\/wp-content\/uploads\/sites\/3\/2024\/05\/letakonestop-1024x728.png 1024w, https:\/\/www.onestop-pack.com\/cz\/wp-content\/uploads\/sites\/3\/2024\/05\/letakonestop-300x213.png 300w, https:\/\/www.onestop-pack.com\/cz\/wp-content\/uploads\/sites\/3\/2024\/05\/letakonestop-768x546.png 768w, https:\/\/www.onestop-pack.com\/cz\/wp-content\/uploads\/sites\/3\/2024\/05\/letakonestop-1536x1093.png 1536w, https:\/\/www.onestop-pack.com\/cz\/wp-content\/uploads\/sites\/3\/2024\/05\/letakonestop-1200x854.png 1200w, https:\/\/www.onestop-pack.com\/cz\/wp-content\/uploads\/sites\/3\/2024\/05\/letakonestop.png 1569w\" sizes=\"(max-width: 580px) 100vw, 580px\" \/><\/a><\/div><div class=\"advgb-post-wrapper\"><h2 class=\"advgb-post-title\"><a href=\"https:\/\/www.onestop-pack.com\/cz\/blog\/2024\/05\/01\/drupa-nejvetsi-svetova-vystava-tiskarskych-technologii\/\">DRUPA, nejv\u011bt\u0161\u00ed sv\u011btov\u00e1 v\u00fdstava tiska\u0159sk\u00fdch technologi\u00ed<\/a><\/h2><div class=\"advgb-post-content\"><div class=\"advgb-post-excerpt\">V\u00e1\u017een\u00ed z\u00e1kazn\u00edci, DRUPA, nejv\u011bt\u0161\u00ed sv\u011btov\u00e1 v\u00fdstava tiska\u0159sk\u00fdch technologi\u00ed, se bude konat v n\u011bmeck\u00e9m D\u00fcsseldorfu od 28. kv\u011btna 2024 a spole\u010dnost ONE ST<\/div><div class=\"advgb-post-readmore\"><a href=\"https:\/\/www.onestop-pack.com\/cz\/blog\/2024\/05\/01\/drupa-nejvetsi-svetova-vystava-tiskarskych-technologii\/\">\u010c\u00edst v\u00edce<\/a><\/div><\/div><\/div><\/article><article class=\"advgb-recent-post\"><div class=\"advgb-post-thumbnail\"><a href=\"https:\/\/www.onestop-pack.com\/cz\/blog\/2023\/08\/28\/vystava-plast\/\"><img width=\"415\" height=\"293\" src=\"https:\/\/www.onestop-pack.com\/cz\/wp-content\/uploads\/sites\/3\/2023\/08\/Obrazek1.jpg\" class=\"attachment-large size-large\" alt=\"\" decoding=\"async\" loading=\"lazy\" srcset=\"https:\/\/www.onestop-pack.com\/cz\/wp-content\/uploads\/sites\/3\/2023\/08\/Obrazek1.jpg 415w, https:\/\/www.onestop-pack.com\/cz\/wp-content\/uploads\/sites\/3\/2023\/08\/Obrazek1-300x212.jpg 300w\" sizes=\"(max-width: 415px) 100vw, 415px\" \/><\/a><\/div><div class=\"advgb-post-wrapper\"><h2 class=\"advgb-post-title\"><a href=\"https:\/\/www.onestop-pack.com\/cz\/blog\/2023\/08\/28\/vystava-plast\/\">V\u00fdstava PLAST<\/a><\/h2><div class=\"advgb-post-content\"><div class=\"advgb-post-excerpt\">V\u00e1\u017een\u00ed z\u00e1kazn\u00edci, PLAST je jednou z nejv\u00fdznamn\u011bj\u0161\u00edch v\u00fdstav pro plastik\u00e1\u0159sk\u00fd a gum\u00e1rensk\u00fd pr\u016fmysl na sv\u011bt\u011b a spole\u010dnost ONE STOP PACK s.r.o. se na n\u00ed <\/div><div class=\"advgb-post-readmore\"><a href=\"https:\/\/www.onestop-pack.com\/cz\/blog\/2023\/08\/28\/vystava-plast\/\">\u010c\u00edst v\u00edce<\/a><\/div><\/div><\/div><\/article><article class=\"advgb-recent-post\"><div class=\"advgb-post-thumbnail\"><a href=\"https:\/\/www.onestop-pack.com\/cz\/blog\/2023\/05\/04\/1397\/\"><img width=\"580\" height=\"410\" src=\"https:\/\/www.onestop-pack.com\/cz\/wp-content\/uploads\/sites\/3\/2023\/05\/unnamed-1.jpg\" class=\"attachment-large size-large\" alt=\"\" decoding=\"async\" loading=\"lazy\" srcset=\"https:\/\/www.onestop-pack.com\/cz\/wp-content\/uploads\/sites\/3\/2023\/05\/unnamed-1.jpg 805w, https:\/\/www.onestop-pack.com\/cz\/wp-content\/uploads\/sites\/3\/2023\/05\/unnamed-1-300x212.jpg 300w, https:\/\/www.onestop-pack.com\/cz\/wp-content\/uploads\/sites\/3\/2023\/05\/unnamed-1-768x543.jpg 768w\" sizes=\"(max-width: 580px) 100vw, 580px\" \/><\/a><\/div><div class=\"advgb-post-wrapper\"><h2 class=\"advgb-post-title\"><a href=\"https:\/\/www.onestop-pack.com\/cz\/blog\/2023\/05\/04\/1397\/\">Interpack 2023<\/a><\/h2><div class=\"advgb-post-content\"><div class=\"advgb-post-excerpt\">V\u00e1\u017een\u00ed, Veletrh INTERPACK 2023 se bl\u00ed\u017e\u00ed a spole\u010dnost ONE STOP PACK s.r.o. se na n\u011bm p\u0159edstav\u00ed se sv\u00fdmi partnery. Nav\u0161tivte n\u00e1s na na\u0161em st\u00e1nku a sezna<\/div><div class=\"advgb-post-readmore\"><a href=\"https:\/\/www.onestop-pack.com\/cz\/blog\/2023\/05\/04\/1397\/\">\u010c\u00edst v\u00edce<\/a><\/div><\/div><\/div><\/article><article class=\"advgb-recent-post\"><div class=\"advgb-post-thumbnail\"><a href=\"https:\/\/www.onestop-pack.com\/cz\/blog\/2022\/10\/13\/neustale-inovace-pro-vase-udrzitelne-obaly\/\"><img width=\"580\" height=\"565\" src=\"https:\/\/www.onestop-pack.com\/cz\/wp-content\/uploads\/sites\/3\/2022\/10\/Header.jpg\" class=\"attachment-large size-large\" alt=\"\" decoding=\"async\" loading=\"lazy\" srcset=\"https:\/\/www.onestop-pack.com\/cz\/wp-content\/uploads\/sites\/3\/2022\/10\/Header.jpg 700w, https:\/\/www.onestop-pack.com\/cz\/wp-content\/uploads\/sites\/3\/2022\/10\/Header-300x292.jpg 300w\" sizes=\"(max-width: 580px) 100vw, 580px\" \/><\/a><\/div><div class=\"advgb-post-wrapper\"><h2 class=\"advgb-post-title\"><a href=\"https:\/\/www.onestop-pack.com\/cz\/blog\/2022\/10\/13\/neustale-inovace-pro-vase-udrzitelne-obaly\/\">Neust\u00e1l\u00e9 inovace pro va\u0161e udr\u017eiteln\u00e9 obaly<\/a><\/h2><div class=\"advgb-post-content\"><div class=\"advgb-post-excerpt\">\u010cek\u00e1me na v\u00e1s na na\u0161em st\u00e1nku B54 v hale 3 a p\u0159in\u00e1\u0161\u00edme v\u00e1m n\u00e1hled na nov\u011b navr\u017een\u00e9 stroje, kter\u00e9 p\u0159ivezeme na veletrh K. MPP SUP-Z V\u016fbec prvn\u00ed vyroben<\/div><div class=\"advgb-post-readmore\"><a href=\"https:\/\/www.onestop-pack.com\/cz\/blog\/2022\/10\/13\/neustale-inovace-pro-vase-udrzitelne-obaly\/\">\u010c\u00edst v\u00edce<\/a><\/div><\/div><\/div><\/article><article class=\"advgb-recent-post\"><div class=\"advgb-post-thumbnail\"><a href=\"https:\/\/www.onestop-pack.com\/cz\/blog\/2022\/10\/12\/maklaus-v-dusseldorfu\/\"><img width=\"580\" height=\"486\" src=\"https:\/\/www.onestop-pack.com\/cz\/wp-content\/uploads\/sites\/3\/2022\/10\/unnamed.jpg\" class=\"attachment-large size-large\" alt=\"\" decoding=\"async\" loading=\"lazy\" srcset=\"https:\/\/www.onestop-pack.com\/cz\/wp-content\/uploads\/sites\/3\/2022\/10\/unnamed.jpg 940w, https:\/\/www.onestop-pack.com\/cz\/wp-content\/uploads\/sites\/3\/2022\/10\/unnamed-300x251.jpg 300w, https:\/\/www.onestop-pack.com\/cz\/wp-content\/uploads\/sites\/3\/2022\/10\/unnamed-768x644.jpg 768w\" sizes=\"(max-width: 580px) 100vw, 580px\" \/><\/a><\/div><div class=\"advgb-post-wrapper\"><h2 class=\"advgb-post-title\"><a href=\"https:\/\/www.onestop-pack.com\/cz\/blog\/2022\/10\/12\/maklaus-v-dusseldorfu\/\">Maklaus v D\u00fcsseldorfu<\/a><\/h2><div class=\"advgb-post-content\"><div class=\"advgb-post-excerpt\"><\/div><div class=\"advgb-post-readmore\"><a href=\"https:\/\/www.onestop-pack.com\/cz\/blog\/2022\/10\/12\/maklaus-v-dusseldorfu\/\">\u010c\u00edst v\u00edce<\/a><\/div><\/div><\/div><\/article><\/div><\/div><\/div>\n<\/div>\n\n\n\n<p><\/p>\n","protected":false},"excerpt":{"rendered":"","protected":false},"author":1,"featured_media":0,"parent":0,"menu_order":0,"comment_status":"closed","ping_status":"closed","template":"","meta":{"advgb_blocks_editor_width":"","advgb_blocks_columns_visual_guide":"","_editorskit_title_hidden":false,"_editorskit_reading_time":1,"_editorskit_is_block_options_detached":false,"_editorskit_block_options_position":"{}"},"coauthors":[],"author_meta":{"author_link":"https:\/\/www.onestop-pack.com\/cz\/blog\/author\/katalpa\/","display_name":"katalpa"},"relative_dates":{"created":"Posted 4 years ago","modified":"Updated 3 years ago"},"absolute_dates":{"created":"Posted on 19. 1. 2022","modified":"Updated on 4. 5. 2023"},"absolute_dates_time":{"created":"Posted on 19. 1. 2022 14:43","modified":"Updated on 4. 5. 2023 12:39"},"featured_img_caption":"","featured_img":false,"series_order":"","_links":{"self":[{"href":"https:\/\/www.onestop-pack.com\/cz\/wp-json\/wp\/v2\/pages\/16"}],"collection":[{"href":"https:\/\/www.onestop-pack.com\/cz\/wp-json\/wp\/v2\/pages"}],"about":[{"href":"https:\/\/www.onestop-pack.com\/cz\/wp-json\/wp\/v2\/types\/page"}],"author":[{"embeddable":true,"href":"https:\/\/www.onestop-pack.com\/cz\/wp-json\/wp\/v2\/users\/1"}],"replies":[{"embeddable":true,"href":"https:\/\/www.onestop-pack.com\/cz\/wp-json\/wp\/v2\/comments?post=16"}],"version-history":[{"count":11,"href":"https:\/\/www.onestop-pack.com\/cz\/wp-json\/wp\/v2\/pages\/16\/revisions"}],"predecessor-version":[{"id":1429,"href":"https:\/\/www.onestop-pack.com\/cz\/wp-json\/wp\/v2\/pages\/16\/revisions\/1429"}],"wp:attachment":[{"href":"https:\/\/www.onestop-pack.com\/cz\/wp-json\/wp\/v2\/media?parent=16"}],"curies":[{"name":"wp","href":"https:\/\/api.w.org\/{rel}","templated":true}]}}