{"id":1404,"date":"2023-05-04T12:24:03","date_gmt":"2023-05-04T10:24:03","guid":{"rendered":"https:\/\/www.onestop-pack.com\/cz\/?page_id=1404"},"modified":"2023-05-04T12:41:12","modified_gmt":"2023-05-04T10:41:12","slug":"produkty-technologie","status":"publish","type":"page","link":"https:\/\/www.onestop-pack.com\/cz\/blog\/produkty-technologie\/","title":{"rendered":"Produkty &#038; Technologie"},"content":{"rendered":"\n<div class=\"wp-block-columns alignwide is-layout-flex wp-container-2\">\n<div class=\"wp-block-column is-layout-flow\"><div class=\"advgb-recent-posts-block masonry-view columns-3 tbl-columns-2 mbl-columns-1 gap-10 recent-posts-135b3533-0d2b-440a-9a55-f1234536fdf7\"><div class=\"advgb-recent-posts\"><article class=\"advgb-recent-post\"><div class=\"advgb-post-thumbnail\"><a href=\"https:\/\/www.onestop-pack.com\/cz\/blog\/2024\/09\/03\/mark-2-stocky-myci-system\/\"><img width=\"339\" height=\"204\" src=\"https:\/\/www.onestop-pack.com\/cz\/wp-content\/uploads\/sites\/3\/2024\/09\/mark-2-washing-system.jpg\" class=\"attachment-large size-large\" alt=\"\" decoding=\"async\" loading=\"lazy\" srcset=\"https:\/\/www.onestop-pack.com\/cz\/wp-content\/uploads\/sites\/3\/2024\/09\/mark-2-washing-system.jpg 339w, https:\/\/www.onestop-pack.com\/cz\/wp-content\/uploads\/sites\/3\/2024\/09\/mark-2-washing-system-300x181.jpg 300w\" sizes=\"(max-width: 339px) 100vw, 339px\" \/><\/a><\/div><div class=\"advgb-post-wrapper\"><h2 class=\"advgb-post-title\"><a href=\"https:\/\/www.onestop-pack.com\/cz\/blog\/2024\/09\/03\/mark-2-stocky-myci-system\/\">MARK II &#8211; \u0160to\u010dky &#8211; myc\u00ed syst\u00e9m<\/a><\/h2><div class=\"advgb-post-info\"><span class=\"advgb-post-datetime\">Posted on 3. 9. 2024<\/span><\/div><div class=\"advgb-post-content\"><div class=\"advgb-post-excerpt\">LC ELECTRA Mark II je p\u0159irozen\u00fdm v\u00fdvojem za\u0159\u00edzen\u00ed LC ELECTRA (Evolution) pro myt\u00ed flexografick\u00fdch polymern\u00edch \u0161to\u010dk\u016f, kter\u00e9 IRAC vyr\u00e1b\u00ed a prod\u00e1v\u00e1 ji\u017e <\/div><div class=\"advgb-post-readmore\"><a href=\"https:\/\/www.onestop-pack.com\/cz\/blog\/2024\/09\/03\/mark-2-stocky-myci-system\/\">\u010c\u00edst v\u00edce<\/a><\/div><\/div><\/div><\/article><article class=\"advgb-recent-post\"><div class=\"advgb-post-thumbnail\"><a href=\"https:\/\/www.onestop-pack.com\/cz\/blog\/2024\/05\/29\/bezprevodovy-tiskovy-strojs-centralnim-valcem-flexofem\/\"><img width=\"580\" height=\"458\" src=\"https:\/\/www.onestop-pack.com\/cz\/wp-content\/uploads\/sites\/3\/2024\/05\/2024-05-29_19h36_07.png\" class=\"attachment-large size-large\" alt=\"\" decoding=\"async\" loading=\"lazy\" srcset=\"https:\/\/www.onestop-pack.com\/cz\/wp-content\/uploads\/sites\/3\/2024\/05\/2024-05-29_19h36_07.png 814w, https:\/\/www.onestop-pack.com\/cz\/wp-content\/uploads\/sites\/3\/2024\/05\/2024-05-29_19h36_07-300x237.png 300w, https:\/\/www.onestop-pack.com\/cz\/wp-content\/uploads\/sites\/3\/2024\/05\/2024-05-29_19h36_07-768x607.png 768w\" sizes=\"(max-width: 580px) 100vw, 580px\" \/><\/a><\/div><div class=\"advgb-post-wrapper\"><h2 class=\"advgb-post-title\"><a href=\"https:\/\/www.onestop-pack.com\/cz\/blog\/2024\/05\/29\/bezprevodovy-tiskovy-strojs-centralnim-valcem-flexofem\/\">Bezp\u0159evodov\u00fd tiskov\u00fd strojs centr\u00e1ln\u00edm v\u00e1lcem Flexofem<\/a><\/h2><div class=\"advgb-post-info\"><span class=\"advgb-post-datetime\">Posted on 29. 5. 2024<\/span><\/div><div class=\"advgb-post-content\"><div class=\"advgb-post-excerpt\"><\/div><div class=\"advgb-post-readmore\"><a href=\"https:\/\/www.onestop-pack.com\/cz\/blog\/2024\/05\/29\/bezprevodovy-tiskovy-strojs-centralnim-valcem-flexofem\/\">\u010c\u00edst v\u00edce<\/a><\/div><\/div><\/div><\/article><article class=\"advgb-recent-post\"><div class=\"advgb-post-thumbnail\"><a href=\"https:\/\/www.onestop-pack.com\/cz\/blog\/2024\/05\/15\/voziky-pro-zvedani-roli\/\"><img width=\"580\" height=\"431\" src=\"https:\/\/www.onestop-pack.com\/cz\/wp-content\/uploads\/sites\/3\/2024\/05\/IMG_9446-1.jpg\" class=\"attachment-large size-large\" alt=\"\" decoding=\"async\" loading=\"lazy\" srcset=\"https:\/\/www.onestop-pack.com\/cz\/wp-content\/uploads\/sites\/3\/2024\/05\/IMG_9446-1.jpg 800w, https:\/\/www.onestop-pack.com\/cz\/wp-content\/uploads\/sites\/3\/2024\/05\/IMG_9446-1-300x223.jpg 300w, https:\/\/www.onestop-pack.com\/cz\/wp-content\/uploads\/sites\/3\/2024\/05\/IMG_9446-1-768x570.jpg 768w\" sizes=\"(max-width: 580px) 100vw, 580px\" \/><\/a><\/div><div class=\"advgb-post-wrapper\"><h2 class=\"advgb-post-title\"><a href=\"https:\/\/www.onestop-pack.com\/cz\/blog\/2024\/05\/15\/voziky-pro-zvedani-roli\/\">Voz\u00edky pro zved\u00e1n\u00ed rol\u00ed<\/a><\/h2><div class=\"advgb-post-info\"><span class=\"advgb-post-datetime\">Posted on 15. 5. 2024<\/span><\/div><div class=\"advgb-post-content\"><div class=\"advgb-post-excerpt\">Spole\u010dnost ONE STOP PACK s.r.o. s hrdost\u00ed oznamuje dal\u0161\u00ed spolupr\u00e1ci s prvot\u0159\u00eddn\u00edm partnerem na trhu flexibiln\u00edch obalov\u00fdch materi\u00e1l\u016f. Costruzioni Mecc<\/div><div class=\"advgb-post-readmore\"><a href=\"https:\/\/www.onestop-pack.com\/cz\/blog\/2024\/05\/15\/voziky-pro-zvedani-roli\/\">\u010c\u00edst v\u00edce<\/a><\/div><\/div><\/div><\/article><article class=\"advgb-recent-post\"><div class=\"advgb-post-thumbnail\"><a href=\"https:\/\/www.onestop-pack.com\/cz\/blog\/2022\/10\/10\/hloubkove-cisteni-aniloxovych-valcu\/\"><img width=\"559\" height=\"385\" src=\"https:\/\/www.onestop-pack.com\/cz\/wp-content\/uploads\/sites\/3\/2022\/10\/ultrawash3-559x385-1.jpg\" class=\"attachment-large size-large\" alt=\"\" decoding=\"async\" loading=\"lazy\" srcset=\"https:\/\/www.onestop-pack.com\/cz\/wp-content\/uploads\/sites\/3\/2022\/10\/ultrawash3-559x385-1.jpg 559w, https:\/\/www.onestop-pack.com\/cz\/wp-content\/uploads\/sites\/3\/2022\/10\/ultrawash3-559x385-1-300x207.jpg 300w\" sizes=\"(max-width: 559px) 100vw, 559px\" \/><\/a><\/div><div class=\"advgb-post-wrapper\"><h2 class=\"advgb-post-title\"><a href=\"https:\/\/www.onestop-pack.com\/cz\/blog\/2022\/10\/10\/hloubkove-cisteni-aniloxovych-valcu\/\">Hloubkov\u00e9 \u010dist\u011bn\u00ed aniloxov\u00fdch v\u00e1lc\u016f<\/a><\/h2><div class=\"advgb-post-info\"><span class=\"advgb-post-datetime\">Posted on 10. 10. 2022<\/span><\/div><div class=\"advgb-post-content\"><div class=\"advgb-post-excerpt\">HIGH PRESSURE \/ \u010cI\u0160T\u011aN\u00cd VYSOK\u00ddM TLAKEM Vysokotlak\u00e9 \u010di\u0161t\u011bn\u00ed vodou o tlaku 120 bar\u016f je pro aniloxov\u00e9 v\u00e1lce nejhospod\u00e1rn\u011bj\u0161\u00ed a nej\u00fa\u010dinn\u011bj\u0161\u00ed. Cel\u00fd automat<\/div><div class=\"advgb-post-readmore\"><a href=\"https:\/\/www.onestop-pack.com\/cz\/blog\/2022\/10\/10\/hloubkove-cisteni-aniloxovych-valcu\/\">\u010c\u00edst v\u00edce<\/a><\/div><\/div><\/div><\/article><\/div><\/div><\/div>\n<\/div>\n","protected":false},"excerpt":{"rendered":"","protected":false},"author":1,"featured_media":0,"parent":16,"menu_order":0,"comment_status":"closed","ping_status":"closed","template":"","meta":{"advgb_blocks_editor_width":"","advgb_blocks_columns_visual_guide":"","_editorskit_title_hidden":false,"_editorskit_reading_time":1,"_editorskit_is_block_options_detached":false,"_editorskit_block_options_position":"{}"},"coauthors":[],"author_meta":{"author_link":"https:\/\/www.onestop-pack.com\/cz\/blog\/author\/katalpa\/","display_name":"katalpa"},"relative_dates":{"created":"Posted 3 years ago","modified":"Updated 3 years ago"},"absolute_dates":{"created":"Posted on 4. 5. 2023","modified":"Updated on 4. 5. 2023"},"absolute_dates_time":{"created":"Posted on 4. 5. 2023 12:24","modified":"Updated on 4. 5. 2023 12:41"},"featured_img_caption":"","featured_img":false,"series_order":"","_links":{"self":[{"href":"https:\/\/www.onestop-pack.com\/cz\/wp-json\/wp\/v2\/pages\/1404"}],"collection":[{"href":"https:\/\/www.onestop-pack.com\/cz\/wp-json\/wp\/v2\/pages"}],"about":[{"href":"https:\/\/www.onestop-pack.com\/cz\/wp-json\/wp\/v2\/types\/page"}],"author":[{"embeddable":true,"href":"https:\/\/www.onestop-pack.com\/cz\/wp-json\/wp\/v2\/users\/1"}],"replies":[{"embeddable":true,"href":"https:\/\/www.onestop-pack.com\/cz\/wp-json\/wp\/v2\/comments?post=1404"}],"version-history":[{"count":3,"href":"https:\/\/www.onestop-pack.com\/cz\/wp-json\/wp\/v2\/pages\/1404\/revisions"}],"predecessor-version":[{"id":1418,"href":"https:\/\/www.onestop-pack.com\/cz\/wp-json\/wp\/v2\/pages\/1404\/revisions\/1418"}],"up":[{"embeddable":true,"href":"https:\/\/www.onestop-pack.com\/cz\/wp-json\/wp\/v2\/pages\/16"}],"wp:attachment":[{"href":"https:\/\/www.onestop-pack.com\/cz\/wp-json\/wp\/v2\/media?parent=1404"}],"curies":[{"name":"wp","href":"https:\/\/api.w.org\/{rel}","templated":true}]}}